{"id":6117,"date":"2024-10-14T08:04:55","date_gmt":"2024-10-14T08:04:55","guid":{"rendered":"https:\/\/oandgaccounting.com\/staging\/?page_id=6117"},"modified":"2025-03-07T12:19:12","modified_gmt":"2025-03-07T12:19:12","slug":"new-mexico-sales-tax-registration-for-foreign-llc-owners-a-case-study","status":"publish","type":"page","link":"https:\/\/oandgaccounting.com\/staging\/es\/resources\/new-mexico-sales-tax-registration-for-foreign-llc-owners-a-case-study\/","title":{"rendered":"Registro del impuesto sobre los ingresos brutos en Nuevo M\u00e9xico para propietarios de sociedades de responsabilidad limitada (LLC) extranjeras: un estudio de caso"},"content":{"rendered":"<div class=\"onefivequestion\">\n<div class=\"container py-4 text-left\">\n<p>Los extranjeros que se establecen <a href=\"https:\/\/www.irs.gov\/businesses\/small-businesses-self-employed\/limited-liability-company-llc\" rel=\"noopener\" target=\"_blank\">Sociedades de responsabilidad limitada (LLC) con sede en EE. UU.<\/a> A menudo se enfrentan a dificultades al gestionar el registro del impuesto estatal sobre las ventas. Un problema com\u00fan es la confusi\u00f3n sobre la necesidad de obtener un... <a href=\"https:\/\/www.irs.gov\/individuals\/international-taxpayers\/taxpayer-identification-numbers-tin#:~:text=SS%2D4PR%20PDF.-,ITIN,NNN%2DNN%2DNNNN).\" rel=\"noopener\" target=\"_blank\">N\u00famero de Identificaci\u00f3n Personal del Contribuyente (ITIN)<\/a> al solicitar un certificado de impuesto sobre las ventas. En una consulta con <a href=\"https:\/\/oandgaccounting.com\/staging\/about-me\/\" rel=\"noopener\" target=\"_blank\">Alex Oware, contador p\u00fablico<\/a>, El cliente busc\u00f3 asesoramiento sobre c\u00f3mo registrarse para el impuesto sobre las ventas en Nuevo M\u00e9xico y si era necesario un ITIN.<\/p>\n<p>En primer lugar, es importante se\u00f1alar que Nuevo M\u00e9xico no tiene un impuesto sobre las ventas. En su lugar, tiene un impuesto sobre los ingresos brutos. Este impuesto se aplica a las personas que realizan negocios en Nuevo M\u00e9xico. En casi todos los casos, la persona que realiza negocios transfiere el impuesto al consumidor, ya sea declarado por separado o como parte del precio de venta. Solo en su efecto sobre el comprador, el impuesto sobre los ingresos brutos se asemeja a un impuesto sobre las ventas. La tasa del impuesto sobre los ingresos brutos var\u00eda en todo el estado, desde 5.125% hasta 8.8675%, dependiendo de la ubicaci\u00f3n del negocio.<\/p>\n<p>Este art\u00edculo aclarar\u00e1 el proceso de <a href=\"https:\/\/www.tax.newmexico.gov\/businesses\/gross-receipts-overview\/\" rel=\"noopener\" target=\"_blank\">Registro del Impuesto sobre Ingresos Brutos<\/a> para propietarios de LLC extranjeros, espec\u00edficamente en Nuevo M\u00e9xico, y explica c\u00f3mo proceder sin un ITIN.<\/p>\n<p><strong>Conceptos y cuestiones clave<\/strong><\/p>\n<p><strong>1. Impuesto sobre los ingresos brutos para sociedades de responsabilidad limitada extranjeras:<\/strong> Las LLC estadounidenses, incluidas las propiedad de extranjeros, en algunos casos podr\u00edan necesitar registrarse para el impuesto sobre las ventas en varios estados para cumplir con las obligaciones tributarias sobre las transacciones de comercio electr\u00f3nico. Cada estado tiene sus propios procedimientos y los requisitos pueden variar. Algunos estados pueden solicitar el ITIN o el N\u00famero de Seguro Social (SSN) de la parte responsable durante el proceso de solicitud, lo que puede confundir a los propietarios de LLC no residentes.<\/p>\n<p><strong>2. ITIN (N\u00famero de Identificaci\u00f3n Personal del Contribuyente):<\/strong> Un ITIN es un n\u00famero de procesamiento fiscal emitido por el IRS a las personas que necesitan presentar declaraciones de impuestos en Estados Unidos, pero no califican para un N\u00famero de Seguro Social. Sin embargo, contrariamente a la creencia popular, no es necesario tener un ITIN (aunque supone un gran inconveniente para quienes no lo tienen) para registrarse para el impuesto sobre las ventas en la mayor\u00eda de los estados, incluido Nuevo M\u00e9xico.<\/p>\n<p><strong>3. Desaf\u00edos del registro del impuesto sobre los ingresos brutos en Nuevo M\u00e9xico:<\/strong> En Nuevo M\u00e9xico, la <a href=\"https:\/\/tap.state.nm.us\/TAP\/_\/\" rel=\"noopener\" target=\"_blank\">Sistema de registro fiscal en l\u00ednea<\/a> Puede requerir que los solicitantes proporcionen un ITIN o un SSN. Esto puede ser problem\u00e1tico para los propietarios de LLC extranjeros que no cuentan con un ITIN. Sin embargo, existe una soluci\u00f3n: Nuevo M\u00e9xico permite el registro del Impuesto sobre Ingresos Brutos mediante formularios impresos, donde los solicitantes pueden indicar que son extranjeros no residentes y que no cuentan con un ITIN.<\/p>\n<p><strong>Explicaci\u00f3n paso a paso para el registro del impuesto sobre las ventas en Nuevo M\u00e9xico<\/strong><\/p>\n<p><strong>1. Comprensi\u00f3n del proceso de registro del impuesto sobre los ingresos brutos en Nuevo M\u00e9xico<\/strong><\/p>\n<p>Al registrarse para el Impuesto sobre Ingresos Brutos en Nuevo M\u00e9xico, los propietarios de LLC extranjeros podr\u00edan encontrarse con la solicitud de un ITIN en el sistema en l\u00ednea. En tal caso, no es necesario abandonar el proceso ni retrasar el registro hasta obtenerlo. La soluci\u00f3n es presentar un formulario en papel.<\/p>\n<p>Nuevo M\u00e9xico permite a los propietarios de LLC no residentes registrarse para el Impuesto sobre Ingresos Brutos mediante un proceso manual, evitando el requisito del ITIN. Los pasos son los siguientes:<\/p>\n<ul>\n<li style=\"padding-bottom: 10px;\"><strong>Descargar el <a href=\"http:\/\/chrome-extension:\/\/efaidnbmnnnibpcajpcglclefindmkaj\/https:\/\/www.tax.newmexico.gov\/wp-content\/uploads\/2022\/11\/acd-31015.pdf\" rel=\"noopener\" target=\"_blank\">Formulario de registro de impuestos comerciales de Nuevo M\u00e9xico (ACD-31015)<\/a>:<\/strong> El formulario se puede encontrar en el sitio web del Departamento de Ingresos de Nuevo M\u00e9xico.<\/li>\n<li style=\"padding-bottom: 10px;\"><strong>Rellene el formulario:<\/strong> Cuando le soliciten un ITIN o un SSN, indique que es extranjero no residente y que no tiene ITIN. Aseg\u00farese de completar todas las dem\u00e1s secciones correctamente para evitar demoras en el procesamiento.<\/li>\n<li style=\"padding-bottom: 10px;\"><strong>Enviar el formulario por correo:<\/strong> Despu\u00e9s de registrarse, recibir\u00e1 un N\u00famero de Identificaci\u00f3n Fiscal Comercial de Nuevo M\u00e9xico. Recibir\u00e1 sus n\u00fameros de identificaci\u00f3n fiscal estatales individuales para el Impuesto sobre los Ingresos Brutos. Aseg\u00farese de incluir todos los documentos adjuntos necesarios, como una carta de presentaci\u00f3n explicando que no puede completar el registro en l\u00ednea debido a la solicitud del ITIN.<\/li>\n<\/ul>\n<p>Una vez procesado el formulario, recibir\u00e1 un N\u00famero de Identificaci\u00f3n Fiscal Comercial de Nuevo M\u00e9xico, que podr\u00e1 utilizar para sus actividades comerciales en el estado.<\/p>\n<p><strong>Soluciones, recomendaciones y conclusiones clave<\/strong><\/p>\n<ul>\n<li style=\"padding-bottom: 10px;\">No se requiere ITIN para el registro del Impuesto sobre Ingresos Brutos: Como propietario de una LLC extranjera, no necesita retrasar las operaciones de su negocio mientras espera un ITIN para completar el proceso de registro del Impuesto sobre Ingresos Brutos. En su lugar, presente un formulario impreso ante el Departamento de Ingresos de Nuevo M\u00e9xico, indicando su condici\u00f3n de no residente.<\/li>\n<li style=\"padding-bottom: 10px;\">Formularios en papel como una opci\u00f3n viable: Si el sistema en l\u00ednea presenta dificultades debido a las solicitudes de ITIN o SSN, presentar formularios en papel es una alternativa eficaz. Aseg\u00farese de completar el formulario correctamente para evitar errores o clasificaciones err\u00f3neas que podr\u00edan generar futuras obligaciones tributarias.<\/li>\n<li style=\"padding-bottom: 10px;\">Consultar a un contador p\u00fablico: si bien el proceso puede parecer sencillo, es importante asegurarse de completar correctamente los formularios y cumplir con todas las leyes fiscales pertinentes. <a href=\"https:\/\/oandgaccounting.com\/staging\/appointment-booking-form\/\" rel=\"noopener\" target=\"_blank\">Consultar con un contador p\u00fablico<\/a> puede ayudar a evitar errores que puedan dar lugar a sanciones o obligaciones fiscales adicionales.<\/li>\n<\/ul>\n<p><strong>Consideraciones adicionales<\/strong><\/p>\n<ul>\n<li style=\"padding-bottom: 10px;\"><strong>Normas de impuesto sobre las ventas espec\u00edficas de cada estado:<\/strong> Cada estado de EE. UU. tiene sus propias normas sobre el registro, la concesi\u00f3n de licencias y la remisi\u00f3n de impuestos sobre las ventas. Es fundamental verificar los requisitos espec\u00edficos de cualquier estado donde opere su LLC para garantizar el cumplimiento. Muchos estados ya tienen <a href=\"https:\/\/www.avalara.com\/us\/en\/learn\/guides\/state-by-state-guide-economic-nexus-laws.html\" rel=\"noopener\" target=\"_blank\">reglas de nexo econ\u00f3mico<\/a>, donde los vendedores de fuera del estado deben cobrar el impuesto sobre las ventas si cumplen con ciertos umbrales de ventas.<\/li>\n<li style=\"padding-bottom: 10px;\"><strong>Nexo del impuesto sobre las ventas:<\/strong> Su obligaci\u00f3n de recaudar el impuesto sobre las ventas puede depender de si su LLC tiene un nexo econ\u00f3mico en un estado. Este nexo generalmente se establece mediante la presencia f\u00edsica, pero para las empresas de comercio electr\u00f3nico, muchos estados han introducido leyes de nexo econ\u00f3mico que exigen que las empresas se registren para el impuesto sobre las ventas si superan ciertos umbrales de ventas.<\/li>\n<li style=\"padding-bottom: 10px;\"><strong>Requisitos de presentaci\u00f3n del impuesto sobre las ventas:<\/strong> Una vez registrado para el Impuesto sobre los Ingresos Brutos en Nuevo M\u00e9xico, aseg\u00farese de cumplir con los requisitos de declaraci\u00f3n. Las declaraciones del Impuesto sobre los Ingresos Brutos pueden presentarse trimestralmente, aunque algunos estados pueden tener obligaciones de presentaci\u00f3n mensuales o anuales seg\u00fan su volumen de ventas.<\/li>\n<\/ul>\n<p>Los extranjeros propietarios de LLC en EE. UU. no deben dejarse intimidar por los requisitos del ITIN al registrarse para el impuesto estatal sobre las ventas. Como se demostr\u00f3 en el caso de Nuevo M\u00e9xico, presentar un formulario en papel permite a los no residentes eludir el requisito del ITIN y obtener una licencia del Impuesto sobre los Ingresos Brutos. Este proceso garantiza que su negocio pueda operar sin problemas y sin demoras innecesarias.<\/p>\n<p>Si necesita ayuda para gestionar el registro del impuesto sobre las ventas u otros asuntos relacionados con los impuestos, consulte con <a href=\"https:\/\/oandgaccounting.com\/staging\/appointment-booking-form\/\" rel=\"noopener\" target=\"_blank\">Impuestos y contabilidad de petr\u00f3leo y gas<\/a> para obtener orientaci\u00f3n experta.<\/p>\n<p>\u00bfNecesita ayuda con el registro del impuesto sobre las ventas o el cumplimiento tributario como propietario de una LLC extranjera? Programe una cita. <a href=\"https:\/\/oandgaccounting.com\/staging\/appointment-booking-form\/\" rel=\"noopener\" target=\"_blank\">Consulta con O&amp;G Tax and Accounting Services hoy<\/a>.<\/p>\n<p>Adem\u00e1s, aseg\u00farese de que su empresa cumpla con la <a href=\"https:\/\/oandgaccounting.com\/staging\/corporate-transparency-act-cta-filing-service\/\" rel=\"noopener\" target=\"_blank\">Ley de Transparencia Corporativa (CTA)<\/a> presentando su <a href=\"https:\/\/fincen.gov\/boi\" rel=\"noopener\" target=\"_blank\">informaci\u00f3n sobre la titularidad real <\/a>antes de la fecha l\u00edmite. Nuestro equipo puede <a href=\"https:\/\/oandgaccounting.com\/staging\/corporate-transparency-act-cta-filing-service\/\" rel=\"noopener\" target=\"_blank\">asistir <\/a>usted en el cumplimiento de estas obligaciones de manera eficiente y puntual.<\/p>\n<\/p><\/div>\n<\/div>","protected":false},"excerpt":{"rendered":"<p>Foreign nationals setting up U.S.-based LLCs often encounter challenges when navigating state sales tax registration. One common issue is confusion around the necessity of obtaining an Individual Taxpayer Identification Number (ITIN) when applying for a sales tax certificate. In a consultation with Alex Oware, CPA, the client sought advice on registering for sales tax in &hellip; <a href=\"https:\/\/oandgaccounting.com\/staging\/es\/resources\/new-mexico-sales-tax-registration-for-foreign-llc-owners-a-case-study\/\" class=\"more-link\">Continue reading<span class=\"screen-reader-text\"> &#8220;New Mexico  Gross Receipts Tax Registration for Foreign LLC Owners: A Case Study&#8221;<\/span><\/a><\/p>","protected":false},"author":1,"featured_media":0,"parent":24,"menu_order":0,"comment_status":"closed","ping_status":"closed","template":"default_withchat.php","meta":{"om_disable_all_campaigns":false,"_monsterinsights_skip_tracking":false,"_monsterinsights_sitenote_active":false,"_monsterinsights_sitenote_note":"","_monsterinsights_sitenote_category":0,"footnotes":""},"acf":[],"yoast_head":"<!-- This site is optimized with the Yoast SEO plugin v22.6 - https:\/\/yoast.com\/wordpress\/plugins\/seo\/ -->\n<title>New Mexico Gross Receipts Tax Registration for Foreign LLC Owners: A Case Study - O&amp;G Tax and Accounting<\/title>\n<meta name=\"robots\" content=\"index, follow, max-snippet:-1, max-image-preview:large, max-video-preview:-1\" \/>\n<link rel=\"canonical\" href=\"https:\/\/oandgaccounting.com\/staging\/es\/resources\/new-mexico-sales-tax-registration-for-foreign-llc-owners-a-case-study\/\" \/>\n<meta property=\"og:locale\" content=\"es_ES\" \/>\n<meta property=\"og:type\" content=\"article\" \/>\n<meta property=\"og:title\" content=\"New Mexico Gross Receipts Tax Registration for Foreign LLC Owners: A Case Study - O&amp;G Tax and Accounting\" \/>\n<meta property=\"og:description\" content=\"Foreign nationals setting up U.S.-based LLCs often encounter challenges when navigating state sales tax registration. One common issue is confusion around the necessity of obtaining an Individual Taxpayer Identification Number (ITIN) when applying for a sales tax certificate. In a consultation with Alex Oware, CPA, the client sought advice on registering for sales tax in &hellip; Continue reading &quot;New Mexico Gross Receipts Tax Registration for Foreign LLC Owners: A Case Study&quot;\" \/>\n<meta property=\"og:url\" content=\"https:\/\/oandgaccounting.com\/staging\/es\/resources\/new-mexico-sales-tax-registration-for-foreign-llc-owners-a-case-study\/\" \/>\n<meta property=\"og:site_name\" content=\"O&amp;G Tax and Accounting\" \/>\n<meta property=\"article:modified_time\" content=\"2025-03-07T12:19:12+00:00\" \/>\n<meta property=\"og:image\" content=\"https:\/\/oandgaccounting.com\/staging\/wp-content\/uploads\/2024\/10\/newmaxico.jpg\" \/>\n\t<meta property=\"og:image:width\" content=\"1438\" \/>\n\t<meta property=\"og:image:height\" content=\"1438\" \/>\n\t<meta property=\"og:image:type\" content=\"image\/jpeg\" \/>\n<meta name=\"twitter:card\" content=\"summary_large_image\" \/>\n<meta name=\"twitter:label1\" content=\"Tiempo de lectura\" \/>\n\t<meta name=\"twitter:data1\" content=\"5 minutos\" \/>\n<script type=\"application\/ld+json\" class=\"yoast-schema-graph\">{\"@context\":\"https:\/\/schema.org\",\"@graph\":[{\"@type\":\"WebPage\",\"@id\":\"https:\/\/oandgaccounting.com\/staging\/resources\/new-mexico-sales-tax-registration-for-foreign-llc-owners-a-case-study\/\",\"url\":\"https:\/\/oandgaccounting.com\/staging\/resources\/new-mexico-sales-tax-registration-for-foreign-llc-owners-a-case-study\/\",\"name\":\"New Mexico Gross Receipts Tax Registration for Foreign LLC Owners: A Case Study - O&amp;G Tax and Accounting\",\"isPartOf\":{\"@id\":\"https:\/\/oandgaccounting.com\/staging\/#website\"},\"datePublished\":\"2024-10-14T08:04:55+00:00\",\"dateModified\":\"2025-03-07T12:19:12+00:00\",\"breadcrumb\":{\"@id\":\"https:\/\/oandgaccounting.com\/staging\/resources\/new-mexico-sales-tax-registration-for-foreign-llc-owners-a-case-study\/#breadcrumb\"},\"inLanguage\":\"es\",\"potentialAction\":[{\"@type\":\"ReadAction\",\"target\":[\"https:\/\/oandgaccounting.com\/staging\/resources\/new-mexico-sales-tax-registration-for-foreign-llc-owners-a-case-study\/\"]}]},{\"@type\":\"BreadcrumbList\",\"@id\":\"https:\/\/oandgaccounting.com\/staging\/resources\/new-mexico-sales-tax-registration-for-foreign-llc-owners-a-case-study\/#breadcrumb\",\"itemListElement\":[{\"@type\":\"ListItem\",\"position\":1,\"name\":\"Resources\",\"item\":\"https:\/\/oandgaccounting.com\/staging\/resources\/\"},{\"@type\":\"ListItem\",\"position\":2,\"name\":\"New Mexico Gross Receipts Tax Registration for Foreign LLC Owners: A Case Study\"}]},{\"@type\":\"WebSite\",\"@id\":\"https:\/\/oandgaccounting.com\/staging\/#website\",\"url\":\"https:\/\/oandgaccounting.com\/staging\/\",\"name\":\"O&amp;G Tax and Accounting\",\"description\":\"\",\"publisher\":{\"@id\":\"https:\/\/oandgaccounting.com\/staging\/#organization\"},\"potentialAction\":[{\"@type\":\"SearchAction\",\"target\":{\"@type\":\"EntryPoint\",\"urlTemplate\":\"https:\/\/oandgaccounting.com\/staging\/?s={search_term_string}\"},\"query-input\":\"required name=search_term_string\"}],\"inLanguage\":\"es\"},{\"@type\":\"Organization\",\"@id\":\"https:\/\/oandgaccounting.com\/staging\/#organization\",\"name\":\"O&amp;G Tax and Accounting\",\"url\":\"https:\/\/oandgaccounting.com\/staging\/\",\"logo\":{\"@type\":\"ImageObject\",\"inLanguage\":\"es\",\"@id\":\"https:\/\/oandgaccounting.com\/staging\/#\/schema\/logo\/image\/\",\"url\":\"https:\/\/oandgaccounting.com\/staging\/wp-content\/uploads\/2019\/07\/logo.png\",\"contentUrl\":\"https:\/\/oandgaccounting.com\/staging\/wp-content\/uploads\/2019\/07\/logo.png\",\"width\":123,\"height\":74,\"caption\":\"O&amp;G Tax and Accounting\"},\"image\":{\"@id\":\"https:\/\/oandgaccounting.com\/staging\/#\/schema\/logo\/image\/\"}}]}<\/script>\n<!-- \/ Yoast SEO plugin. -->","yoast_head_json":{"title":"New Mexico Gross Receipts Tax Registration for Foreign LLC Owners: A Case Study - O&amp;G Tax and Accounting","robots":{"index":"index","follow":"follow","max-snippet":"max-snippet:-1","max-image-preview":"max-image-preview:large","max-video-preview":"max-video-preview:-1"},"canonical":"https:\/\/oandgaccounting.com\/staging\/es\/resources\/new-mexico-sales-tax-registration-for-foreign-llc-owners-a-case-study\/","og_locale":"es_ES","og_type":"article","og_title":"New Mexico Gross Receipts Tax Registration for Foreign LLC Owners: A Case Study - O&amp;G Tax and Accounting","og_description":"Foreign nationals setting up U.S.-based LLCs often encounter challenges when navigating state sales tax registration. One common issue is confusion around the necessity of obtaining an Individual Taxpayer Identification Number (ITIN) when applying for a sales tax certificate. In a consultation with Alex Oware, CPA, the client sought advice on registering for sales tax in &hellip; Continue reading \"New Mexico Gross Receipts Tax Registration for Foreign LLC Owners: A Case Study\"","og_url":"https:\/\/oandgaccounting.com\/staging\/es\/resources\/new-mexico-sales-tax-registration-for-foreign-llc-owners-a-case-study\/","og_site_name":"O&amp;G Tax and Accounting","article_modified_time":"2025-03-07T12:19:12+00:00","og_image":[{"width":1438,"height":1438,"url":"https:\/\/oandgaccounting.com\/staging\/wp-content\/uploads\/2024\/10\/newmaxico.jpg","type":"image\/jpeg"}],"twitter_card":"summary_large_image","twitter_misc":{"Tiempo de lectura":"5 minutos"},"schema":{"@context":"https:\/\/schema.org","@graph":[{"@type":"WebPage","@id":"https:\/\/oandgaccounting.com\/staging\/resources\/new-mexico-sales-tax-registration-for-foreign-llc-owners-a-case-study\/","url":"https:\/\/oandgaccounting.com\/staging\/resources\/new-mexico-sales-tax-registration-for-foreign-llc-owners-a-case-study\/","name":"New Mexico Gross Receipts Tax Registration for Foreign LLC Owners: A Case Study - O&amp;G Tax and Accounting","isPartOf":{"@id":"https:\/\/oandgaccounting.com\/staging\/#website"},"datePublished":"2024-10-14T08:04:55+00:00","dateModified":"2025-03-07T12:19:12+00:00","breadcrumb":{"@id":"https:\/\/oandgaccounting.com\/staging\/resources\/new-mexico-sales-tax-registration-for-foreign-llc-owners-a-case-study\/#breadcrumb"},"inLanguage":"es","potentialAction":[{"@type":"ReadAction","target":["https:\/\/oandgaccounting.com\/staging\/resources\/new-mexico-sales-tax-registration-for-foreign-llc-owners-a-case-study\/"]}]},{"@type":"BreadcrumbList","@id":"https:\/\/oandgaccounting.com\/staging\/resources\/new-mexico-sales-tax-registration-for-foreign-llc-owners-a-case-study\/#breadcrumb","itemListElement":[{"@type":"ListItem","position":1,"name":"Resources","item":"https:\/\/oandgaccounting.com\/staging\/resources\/"},{"@type":"ListItem","position":2,"name":"New Mexico Gross Receipts Tax Registration for Foreign LLC Owners: A Case Study"}]},{"@type":"WebSite","@id":"https:\/\/oandgaccounting.com\/staging\/#website","url":"https:\/\/oandgaccounting.com\/staging\/","name":"O&amp;G Tax and Accounting","description":"","publisher":{"@id":"https:\/\/oandgaccounting.com\/staging\/#organization"},"potentialAction":[{"@type":"SearchAction","target":{"@type":"EntryPoint","urlTemplate":"https:\/\/oandgaccounting.com\/staging\/?s={search_term_string}"},"query-input":"required name=search_term_string"}],"inLanguage":"es"},{"@type":"Organization","@id":"https:\/\/oandgaccounting.com\/staging\/#organization","name":"O&amp;G Tax and Accounting","url":"https:\/\/oandgaccounting.com\/staging\/","logo":{"@type":"ImageObject","inLanguage":"es","@id":"https:\/\/oandgaccounting.com\/staging\/#\/schema\/logo\/image\/","url":"https:\/\/oandgaccounting.com\/staging\/wp-content\/uploads\/2019\/07\/logo.png","contentUrl":"https:\/\/oandgaccounting.com\/staging\/wp-content\/uploads\/2019\/07\/logo.png","width":123,"height":74,"caption":"O&amp;G Tax and Accounting"},"image":{"@id":"https:\/\/oandgaccounting.com\/staging\/#\/schema\/logo\/image\/"}}]}},"_links":{"self":[{"href":"https:\/\/oandgaccounting.com\/staging\/es\/wp-json\/wp\/v2\/pages\/6117"}],"collection":[{"href":"https:\/\/oandgaccounting.com\/staging\/es\/wp-json\/wp\/v2\/pages"}],"about":[{"href":"https:\/\/oandgaccounting.com\/staging\/es\/wp-json\/wp\/v2\/types\/page"}],"author":[{"embeddable":true,"href":"https:\/\/oandgaccounting.com\/staging\/es\/wp-json\/wp\/v2\/users\/1"}],"replies":[{"embeddable":true,"href":"https:\/\/oandgaccounting.com\/staging\/es\/wp-json\/wp\/v2\/comments?post=6117"}],"version-history":[{"count":4,"href":"https:\/\/oandgaccounting.com\/staging\/es\/wp-json\/wp\/v2\/pages\/6117\/revisions"}],"predecessor-version":[{"id":6331,"href":"https:\/\/oandgaccounting.com\/staging\/es\/wp-json\/wp\/v2\/pages\/6117\/revisions\/6331"}],"up":[{"embeddable":true,"href":"https:\/\/oandgaccounting.com\/staging\/es\/wp-json\/wp\/v2\/pages\/24"}],"wp:attachment":[{"href":"https:\/\/oandgaccounting.com\/staging\/es\/wp-json\/wp\/v2\/media?parent=6117"}],"curies":[{"name":"wp","href":"https:\/\/api.w.org\/{rel}","templated":true}]}}