{"id":6157,"date":"2024-11-06T12:00:05","date_gmt":"2024-11-06T12:00:05","guid":{"rendered":"https:\/\/oandgaccounting.com\/staging\/?page_id=6157"},"modified":"2025-03-07T12:21:13","modified_gmt":"2025-03-07T12:21:13","slug":"u-s-federal-tax-obligations-for-foreign-owned-llcs-essential-guide-to-eci-fdap-and-withholding","status":"publish","type":"page","link":"https:\/\/oandgaccounting.com\/staging\/es\/resources\/u-s-federal-tax-obligations-for-foreign-owned-llcs-essential-guide-to-eci-fdap-and-withholding\/","title":{"rendered":"Obligaciones fiscales federales de EE. UU. para sociedades de responsabilidad limitada (LLC) de propiedad extranjera: Gu\u00eda esencial sobre ECI, FDAP y retenciones"},"content":{"rendered":"<div class=\"onefivequestion\">\n<div class=\"container py-4 text-left\">\n<p><strong>Introducci\u00f3n: Comprensi\u00f3n de los requisitos fiscales de EE. UU. para propietarios extranjeros<\/strong><\/p>\n<p>Para <a href=\"https:\/\/oandgaccounting.com\/staging\/foreign-owned-us-llc\/7-common-questions-about-foreign-owned-u-s-llcs-answered-by-a-cpa\/\" rel=\"noopener\" target=\"_blank\">propietarios extranjeros de sociedades de responsabilidad limitada con sede en EE. UU.<\/a>, distinguiendo entre <a href=\"https:\/\/www.irs.gov\/individuals\/international-taxpayers\/effectively-connected-income-eci#:~:text=Generally%2C%20when%20a%20foreign%20person,Effectively%20Connected%20Income%20(ECI).\" rel=\"noopener\" target=\"_blank\">Ingresos efectivamente conectados (ECI)<\/a>) y <a href=\"https:\/\/www.irs.gov\/individuals\/international-taxpayers\/fixed-determinable-annual-or-periodical-fdap-income\" rel=\"noopener\" target=\"_blank\">Fijo, Determinable, Anual o Peri\u00f3dico (FDAP)<\/a> Los ingresos son fundamentales para comprender sus obligaciones tributarias federales. Esta gu\u00eda aclara cu\u00e1ndo los propietarios extranjeros de Sociedades de Responsabilidad Limitada (SMLLC) de un solo miembro y <a href=\"https:\/\/www.irs.gov\/businesses\/small-businesses-self-employed\/llc-filing-as-a-corporation-or-partnership\" rel=\"noopener\" target=\"_blank\">Sociedades de responsabilidad limitada multimiembro (MMLLC)<\/a> Debe informar y presentar formularios de impuestos de EE. UU. seg\u00fan las fuentes de ingresos y los requisitos de retenci\u00f3n.<\/p>\n<p><i>Nota: Esta gu\u00eda cubre \u00fanicamente las obligaciones fiscales federales. Cada estado de EE. UU. tiene sus propios requisitos fiscales, como el impuesto sobre la renta, el impuesto sobre las ventas o el impuesto de franquicia.<\/i><\/p>\n<p><strong>Conceptos b\u00e1sicos: Definici\u00f3n de ECI, FDAP y fuente de ingresos para fines fiscales<\/strong><\/p>\n<ul>\n<li style=\"padding-bottom: 10px;\">ECI (Ingresos efectivamente conectados): estos ingresos est\u00e1n vinculados a una actividad comercial o empresarial en los EE. UU. y generalmente est\u00e1n sujetos a impuestos. <a href=\"https:\/\/www.irs.gov\/individuals\/international-taxpayers\/nonresident-aliens#:~:text=An%20alien%20is%20any%20individual,or%20the%20substantial%20presence%20test.\" rel=\"noopener\" target=\"_blank\">extranjeros no residentes <\/a>y <a href=\"https:\/\/www.law.cornell.edu\/wex\/foreign_corporation\" rel=\"noopener\" target=\"_blank\">corporaci\u00f3n extranjera<\/a>s a menos que un tratado reduzca o elimine la obligaci\u00f3n tributaria.<\/li>\n<li style=\"padding-bottom: 10px;\">FDAP (Ingreso fijo, determinable, anual o peri\u00f3dico): los ingresos FDAP suelen ser pasivos, como dividendos, regal\u00edas o intereses, y est\u00e1n sujetos a una retenci\u00f3n de impuestos 30% a menos que se reduzcan mediante un tratado fiscal.<\/li>\n<li style=\"padding-bottom: 10px;\"><a href=\"https:\/\/www.irs.gov\/individuals\/international-taxpayers\/nonresident-aliens-sourcing-of-income\" rel=\"noopener\" target=\"_blank\">Ingresos de origen extranjero<\/a>:Los ingresos generados por servicios prestados \u00edntegramente fuera de los EE. UU. no est\u00e1n sujetos al impuesto federal estadounidense.<\/li>\n<\/ul>\n<p><strong>Preguntas frecuentes: Obligaciones fiscales y requisitos de retenci\u00f3n para sociedades de responsabilidad limitada (LLC) de propiedad extranjera<\/strong><\/p>\n<p><strong>P1: \u00bfCu\u00e1les son las obligaciones tributarias de las Sociedades de Responsabilidad Limitada de un Solo Miembro (SMLLC) de propiedad extranjera?<\/strong><\/p>\n<p>Respuesta:<\/p>\n<ul>\n<li style=\"padding-bottom: 10px;\">Las SMLLC de propiedad extranjera se consideran entidades ignoradas por defecto a efectos fiscales federales de EE. UU. Por lo tanto, cualquier ingreso sujeto a impuestos en EE. UU. pasa directamente al propietario extranjero, quien debe declararlo en su declaraci\u00f3n de impuestos si califica como ingreso ECI o FDAP para el cual no se realiz\u00f3 la retenci\u00f3n en la fuente correspondiente.<\/li>\n<li style=\"padding-bottom: 10px;\">o Sin embargo, los ingresos de origen extranjero obtenidos por una persona extranjera est\u00e1n exentos de impuestos federales de EE. UU. Una SMLLC de propiedad extranjera sin ingresos de origen estadounidense a\u00fan debe <a href=\"https:\/\/oandgaccounting.com\/staging\/foreign-owned-us-llc\/how-to-file-forms-5472-and-1120-for-a-foreign-owned-single-member-llc\/\" rel=\"noopener\" target=\"_blank\">Presentar el Proforma 1120 y el Formulario 5472<\/a> para informar sobre las transacciones con su propietario extranjero y otras partes relacionadas. <\/li>\n<\/ul>\n<p><strong>P2: \u00bfCu\u00e1les son los requisitos de presentaci\u00f3n si no hay ingresos de origen estadounidense para una peque\u00f1a y mediana empresa (SMLLC) de propiedad extranjera?<\/strong><\/p>\n<p>Respuesta:<\/p>\n<ul>\n<li style=\"padding-bottom: 10px;\">Incluso sin ingresos de origen estadounidense, las peque\u00f1as y medianas empresas (SMLLC) de propiedad extranjera deben presentar el Formulario 5472 para documentar cualquier transacci\u00f3n con su propietario extranjero, adjuntando <a href=\"https:\/\/www.irs.gov\/forms-pubs\/about-form-1120\" rel=\"noopener\" target=\"_blank\">Formulario 1120 <\/a>como portada, aunque la entidad no tributa como corporaci\u00f3n.<\/li>\n<\/ul>\n<p><strong>P3: \u00bfLas empresas estadounidenses est\u00e1n obligadas a retener impuestos cuando pagan a un no residente por servicios prestados fuera de Estados Unidos?<\/strong><\/p>\n<p>Respuesta:<\/p>\n<ul>\n<li style=\"padding-bottom: 10px;\">No. Pagos realizados por empresas estadounidenses a no residentes por servicios <a href=\"https:\/\/www.irs.gov\/publications\/p515\" rel=\"noopener\" target=\"_blank\">realizado \u00edntegramente fuera de los EE. UU.<\/a>. se consideran de origen extranjero y, por lo tanto, no est\u00e1n sujetos a la retenci\u00f3n de impuestos en EE. UU. Los no residentes no necesitan una <a href=\"https:\/\/www.irs.gov\/individuals\/individual-taxpayer-identification-number\" rel=\"noopener\" target=\"_blank\">N\u00famero de Identificaci\u00f3n Personal del Contribuyente (ITIN)<\/a>, y generalmente no se requiere un Formulario 1099. Sin embargo, los pagadores pueden cobrar un <a href=\"https:\/\/www.irs.gov\/forms-pubs\/about-form-w-8-ben\" rel=\"noopener\" target=\"_blank\">W-8BEN<\/a> o <a href=\"https:\/\/www.irs.gov\/forms-pubs\/about-form-w-8-ben-e\" rel=\"noopener\" target=\"_blank\">W8-BEN-E <\/a>para confirmar el estatus extranjero del beneficiario.<\/li>\n<\/ul>\n<p><strong>P4: \u00bfImporta d\u00f3nde se deposita el pago de una persona extranjera?<\/strong><\/p>\n<p>Respuesta:<\/p>\n<ul>\n<li style=\"padding-bottom: 10px;\">No, la obligaci\u00f3n tributaria depende de la fuente y la naturaleza de los ingresos, no de la ubicaci\u00f3n de la cuenta bancaria. En el caso de los ingresos de origen extranjero obtenidos por una persona extranjera, no se aplican las obligaciones tributarias federales de EE. UU., independientemente de si los ingresos se depositan en una cuenta bancaria estadounidense o extranjera.<\/li>\n<\/ul>\n<p><strong>P5: \u00bfC\u00f3mo se tratan las LLC multimiembro (MMLLC) propiedad de socios extranjeros a efectos fiscales en EE. UU.?<\/strong><\/p>\n<p>Respuesta:<\/p>\n<ul>\n<li style=\"padding-bottom: 10px;\">Las MMLLC de propiedad extranjera se consideran <a href=\"https:\/\/www.irs.gov\/businesses\/partnerships\" rel=\"noopener\" target=\"_blank\">asociaciones<\/a> a menos que opten por el tratamiento fiscal corporativo. Presentan <a href=\"https:\/\/www.irs.gov\/forms-pubs\/about-form-1065\" rel=\"noopener\" target=\"_blank\">Formulario 1065<\/a> para reportar ganancias, y cada socio recibe un <a href=\"http:\/\/chrome-extension:\/\/efaidnbmnnnibpcajpcglclefindmkaj\/https:\/\/www.irs.gov\/pub\/irs-pdf\/f1065sk1.pdf\" rel=\"noopener\" target=\"_blank\">Anexo K-1<\/a>, <a href=\"https:\/\/www.thetaxadviser.com\/newsletters\/2022\/feb\/complying-new-schedules-k-2-k-3.html\" rel=\"noopener\" target=\"_blank\">K-2 y K-3<\/a> detallando su participaci\u00f3n en los ingresos. Los socios extranjeros solo necesitan presentar <a href=\"https:\/\/www.irs.gov\/forms-pubs\/about-form-1040-nr\" rel=\"noopener\" target=\"_blank\">Formulario 1040NR<\/a> si reciben ingresos de fuente estadounidense clasificados como ingresos ECI o FDAP para los cuales no se realiz\u00f3 la retenci\u00f3n adecuada en la fuente.<\/li>\n<li style=\"padding-bottom: 10px;\">Si los socios dentro del MMLLC son todos <a href=\"https:\/\/oandgaccounting.com\/staging\/resources\/u-s-tax-implications-for-foreign-owned-u-s-mmllcs-saas-and-consulting-services\/\" rel=\"noopener\" target=\"_blank\">socios extranjeros<\/a>, y los ingresos obtenidos son de origen extranjero, no se deben pagar impuestos ni retenciones en los EE. UU., aunque a\u00fan se requieren presentaciones informativas, es decir, formulario 1065, Anexo K-1, K-2 y K-3.<\/li>\n<\/ul>\n<p><strong>P6: \u00bfEs necesaria una retenci\u00f3n para los ingresos de MMLLC provenientes \u00edntegramente de fuera de los EE. UU.?<\/strong><\/p>\n<p>Respuesta:<\/p>\n<ul>\n<li style=\"padding-bottom: 10px;\">No se requiere retenci\u00f3n para ingresos de origen extranjero. Para mayor transparencia, las personas con MMLLC deben usar los Anexos K-2 y K-3 junto con el Formulario 1065 para documentar las fuentes y asignaciones de ingresos extranjeros, demostrando que no son ingresos de origen estadounidense.<\/li>\n<\/ul>\n<p><strong>P7: \u00bfC\u00f3mo se tratan los ingresos del FDAP, como los dividendos, para los socios extranjeros?<\/strong><\/p>\n<p>Respuesta:<\/p>\n<ul>\n<li style=\"padding-bottom: 10px;\">Los dividendos y otros ingresos pasivos del FDAP generalmente est\u00e1n sujetos a una retenci\u00f3n en la fuente 30%, a menos que se reduzcan por convenio. Si la retenci\u00f3n en la fuente se realiza correctamente, los socios extranjeros no necesitan presentar una declaraci\u00f3n de impuestos en EE. UU. para estos pagos.<\/li>\n<\/ul>\n<p><strong>Pasos clave para el cumplimiento de los requisitos de las LLC de propiedad extranjera<\/strong><\/p>\n<ul>\n<li style=\"padding-bottom: 10px;\">Mantenga la documentaci\u00f3n clara: para fines de cumplimiento, las personas extranjeras y los socios extranjeros deben completar el Formulario W-8BEN para afirmar su condici\u00f3n de extranjero.<\/li>\n<li style=\"padding-bottom: 10px;\">Presentar formularios requeridos: Las peque\u00f1as y medianas empresas (SMLLC) de propiedad extranjera deben presentar el Formulario Proforma 1120 y el Formulario 5472 para informar transacciones, mientras que las MMLLC deben presentar el Formulario 1065, incluidos los Anexos K-2 y K-3 para la asignaci\u00f3n de diversas fuentes de ingresos.<\/li>\n<li style=\"padding-bottom: 10px;\">Retenci\u00f3n adecuada: Para ingresos del FDAP, como dividendos, aseg\u00farese de aplicar la retenci\u00f3n correcta. Para ECI, la sociedad debe retener los impuestos correspondientes, y los socios extranjeros deben declarar su participaci\u00f3n en el Formulario 1040NR.<\/li>\n<\/ul>\n<p><strong>Cumplimiento de la Ley de Transparencia Corporativa (CTA)<\/strong><\/p>\n<p>El <a href=\"https:\/\/oandgaccounting.com\/staging\/corporate-transparency-act-cta-filing-service\/\" rel=\"noopener\" target=\"_blank\">Ley de Transparencia Corporativa (CTA)<\/a> mandatos <a href=\"https:\/\/fincen.gov\/boi\" rel=\"noopener\" target=\"_blank\">Informaci\u00f3n de titularidad efectiva (BOI) <\/a>reportando a trav\u00e9s de <a href=\"https:\/\/www.fincen.gov\/\" rel=\"noopener\" target=\"_blank\">FinCEN <\/a>para ciertas entidades estadounidenses:<\/p>\n<ul>\n<li style=\"padding-bottom: 10px;\">Entidades existentes: deben presentar la BOI antes del 1 de enero de 2025.<\/li>\n<li style=\"padding-bottom: 10px;\">Entidades nuevas: deben presentar la solicitud dentro de los 90 d\u00edas posteriores a su constituci\u00f3n.<\/li>\n<\/ul>\n<p>El informe requiere informaci\u00f3n detallada sobre los beneficiarios finales y las entidades, lo que refuerza el cumplimiento de la Ley contra el lavado de dinero de 2020. El incumplimiento puede resultar en sanciones, por lo que se recomienda consultar a un profesional de impuestos.<\/p>\n<p><strong>Conclusi\u00f3n: Garantizar el cumplimiento y evitar sanciones<\/strong><\/p>\n<p>Las LLC de propiedad extranjera se benefician de comprender las obligaciones fiscales federales, especialmente al diferenciar entre ECI, FDAP e ingresos de origen extranjero. Seguir estas pautas ayuda a los propietarios extranjeros a cumplir con las normas fiscales federales.<\/p>\n<p><strong>Obtenga asistencia profesional<\/strong><\/p>\n<p>Si necesita ayuda para navegar por las obligaciones tributarias de EE. UU., comun\u00edquese con <a href=\"https:\/\/oandgaccounting.com\/staging\/\" rel=\"noopener\" target=\"_blank\">Servicio de Impuestos y Contabilidad de O&amp;G<\/a>s a <a href=\"https:\/\/oandgaccounting.com\/staging\/appointment-booking-form\/\" rel=\"noopener\" target=\"_blank\">programar una consulta<\/a>. Nuestro equipo cuenta con amplia experiencia en la gesti\u00f3n de los requisitos fiscales para propietarios extranjeros y el cumplimiento de la Ley de Transparencia Corporativa. Perm\u00edtanos ayudarle a garantizar el cumplimiento de su empresa.<\/p>\n<\/p><\/div>\n<\/div>","protected":false},"excerpt":{"rendered":"<p>Introduction: Understanding U.S. Tax Requirements for Foreign Owners For foreign owners of U.S.-based LLCs, distinguishing between Effectively Connected Income (ECI) and Fixed, Determinable, Annual, or Periodic (FDAP) Income is critical for understanding their federal tax obligations. This guide clarifies when foreign owners of Single-Member LLCs (SMLLCs) and Multi-Member LLCs (MMLLCs) must report and file U.S. &hellip; <a href=\"https:\/\/oandgaccounting.com\/staging\/es\/resources\/u-s-federal-tax-obligations-for-foreign-owned-llcs-essential-guide-to-eci-fdap-and-withholding\/\" class=\"more-link\">Continue reading<span class=\"screen-reader-text\"> &#8220;U.S. Federal Tax Obligations for Foreign-Owned LLCs: Essential Guide to ECI, FDAP, and Withholding&#8221;<\/span><\/a><\/p>","protected":false},"author":1,"featured_media":0,"parent":24,"menu_order":0,"comment_status":"closed","ping_status":"closed","template":"default_withchat.php","meta":{"om_disable_all_campaigns":false,"_monsterinsights_skip_tracking":false,"_monsterinsights_sitenote_active":false,"_monsterinsights_sitenote_note":"","_monsterinsights_sitenote_category":0,"footnotes":""},"acf":[],"yoast_head":"<!-- This site is optimized with the Yoast SEO plugin v22.6 - https:\/\/yoast.com\/wordpress\/plugins\/seo\/ -->\n<title>U.S. Federal Tax Obligations for Foreign-Owned LLCs: Essential Guide to ECI, FDAP, and Withholding - O&amp;G Tax and Accounting<\/title>\n<meta name=\"robots\" content=\"index, follow, max-snippet:-1, max-image-preview:large, max-video-preview:-1\" \/>\n<link rel=\"canonical\" href=\"https:\/\/oandgaccounting.com\/staging\/es\/resources\/u-s-federal-tax-obligations-for-foreign-owned-llcs-essential-guide-to-eci-fdap-and-withholding\/\" \/>\n<meta property=\"og:locale\" content=\"es_ES\" \/>\n<meta property=\"og:type\" content=\"article\" \/>\n<meta property=\"og:title\" content=\"U.S. Federal Tax Obligations for Foreign-Owned LLCs: Essential Guide to ECI, FDAP, and Withholding - O&amp;G Tax and Accounting\" \/>\n<meta property=\"og:description\" content=\"Introduction: Understanding U.S. Tax Requirements for Foreign Owners For foreign owners of U.S.-based LLCs, distinguishing between Effectively Connected Income (ECI) and Fixed, Determinable, Annual, or Periodic (FDAP) Income is critical for understanding their federal tax obligations. This guide clarifies when foreign owners of Single-Member LLCs (SMLLCs) and Multi-Member LLCs (MMLLCs) must report and file U.S. &hellip; Continue reading &quot;U.S. Federal Tax Obligations for Foreign-Owned LLCs: Essential Guide to ECI, FDAP, and Withholding&quot;\" \/>\n<meta property=\"og:url\" content=\"https:\/\/oandgaccounting.com\/staging\/es\/resources\/u-s-federal-tax-obligations-for-foreign-owned-llcs-essential-guide-to-eci-fdap-and-withholding\/\" \/>\n<meta property=\"og:site_name\" content=\"O&amp;G Tax and Accounting\" \/>\n<meta property=\"article:modified_time\" content=\"2025-03-07T12:21:13+00:00\" \/>\n<meta property=\"og:image\" content=\"https:\/\/oandgaccounting.com\/staging\/wp-content\/uploads\/2024\/10\/filling.jpg\" \/>\n\t<meta property=\"og:image:width\" content=\"1505\" \/>\n\t<meta property=\"og:image:height\" content=\"1505\" \/>\n\t<meta property=\"og:image:type\" content=\"image\/jpeg\" \/>\n<meta name=\"twitter:card\" content=\"summary_large_image\" \/>\n<meta name=\"twitter:label1\" content=\"Tiempo de lectura\" \/>\n\t<meta name=\"twitter:data1\" content=\"5 minutos\" \/>\n<script type=\"application\/ld+json\" class=\"yoast-schema-graph\">{\"@context\":\"https:\/\/schema.org\",\"@graph\":[{\"@type\":\"WebPage\",\"@id\":\"https:\/\/oandgaccounting.com\/staging\/resources\/u-s-federal-tax-obligations-for-foreign-owned-llcs-essential-guide-to-eci-fdap-and-withholding\/\",\"url\":\"https:\/\/oandgaccounting.com\/staging\/resources\/u-s-federal-tax-obligations-for-foreign-owned-llcs-essential-guide-to-eci-fdap-and-withholding\/\",\"name\":\"U.S. Federal Tax Obligations for Foreign-Owned LLCs: Essential Guide to ECI, FDAP, and Withholding - O&amp;G Tax and Accounting\",\"isPartOf\":{\"@id\":\"https:\/\/oandgaccounting.com\/staging\/#website\"},\"datePublished\":\"2024-11-06T12:00:05+00:00\",\"dateModified\":\"2025-03-07T12:21:13+00:00\",\"breadcrumb\":{\"@id\":\"https:\/\/oandgaccounting.com\/staging\/resources\/u-s-federal-tax-obligations-for-foreign-owned-llcs-essential-guide-to-eci-fdap-and-withholding\/#breadcrumb\"},\"inLanguage\":\"es\",\"potentialAction\":[{\"@type\":\"ReadAction\",\"target\":[\"https:\/\/oandgaccounting.com\/staging\/resources\/u-s-federal-tax-obligations-for-foreign-owned-llcs-essential-guide-to-eci-fdap-and-withholding\/\"]}]},{\"@type\":\"BreadcrumbList\",\"@id\":\"https:\/\/oandgaccounting.com\/staging\/resources\/u-s-federal-tax-obligations-for-foreign-owned-llcs-essential-guide-to-eci-fdap-and-withholding\/#breadcrumb\",\"itemListElement\":[{\"@type\":\"ListItem\",\"position\":1,\"name\":\"Resources\",\"item\":\"https:\/\/oandgaccounting.com\/staging\/resources\/\"},{\"@type\":\"ListItem\",\"position\":2,\"name\":\"U.S. Federal Tax Obligations for Foreign-Owned LLCs: Essential Guide to ECI, FDAP, and Withholding\"}]},{\"@type\":\"WebSite\",\"@id\":\"https:\/\/oandgaccounting.com\/staging\/#website\",\"url\":\"https:\/\/oandgaccounting.com\/staging\/\",\"name\":\"O&amp;G Tax and Accounting\",\"description\":\"\",\"publisher\":{\"@id\":\"https:\/\/oandgaccounting.com\/staging\/#organization\"},\"potentialAction\":[{\"@type\":\"SearchAction\",\"target\":{\"@type\":\"EntryPoint\",\"urlTemplate\":\"https:\/\/oandgaccounting.com\/staging\/?s={search_term_string}\"},\"query-input\":\"required name=search_term_string\"}],\"inLanguage\":\"es\"},{\"@type\":\"Organization\",\"@id\":\"https:\/\/oandgaccounting.com\/staging\/#organization\",\"name\":\"O&amp;G Tax and Accounting\",\"url\":\"https:\/\/oandgaccounting.com\/staging\/\",\"logo\":{\"@type\":\"ImageObject\",\"inLanguage\":\"es\",\"@id\":\"https:\/\/oandgaccounting.com\/staging\/#\/schema\/logo\/image\/\",\"url\":\"https:\/\/oandgaccounting.com\/staging\/wp-content\/uploads\/2019\/07\/logo.png\",\"contentUrl\":\"https:\/\/oandgaccounting.com\/staging\/wp-content\/uploads\/2019\/07\/logo.png\",\"width\":123,\"height\":74,\"caption\":\"O&amp;G Tax and Accounting\"},\"image\":{\"@id\":\"https:\/\/oandgaccounting.com\/staging\/#\/schema\/logo\/image\/\"}}]}<\/script>\n<!-- \/ Yoast SEO plugin. -->","yoast_head_json":{"title":"U.S. Federal Tax Obligations for Foreign-Owned LLCs: Essential Guide to ECI, FDAP, and Withholding - O&amp;G Tax and Accounting","robots":{"index":"index","follow":"follow","max-snippet":"max-snippet:-1","max-image-preview":"max-image-preview:large","max-video-preview":"max-video-preview:-1"},"canonical":"https:\/\/oandgaccounting.com\/staging\/es\/resources\/u-s-federal-tax-obligations-for-foreign-owned-llcs-essential-guide-to-eci-fdap-and-withholding\/","og_locale":"es_ES","og_type":"article","og_title":"U.S. Federal Tax Obligations for Foreign-Owned LLCs: Essential Guide to ECI, FDAP, and Withholding - O&amp;G Tax and Accounting","og_description":"Introduction: Understanding U.S. Tax Requirements for Foreign Owners For foreign owners of U.S.-based LLCs, distinguishing between Effectively Connected Income (ECI) and Fixed, Determinable, Annual, or Periodic (FDAP) Income is critical for understanding their federal tax obligations. This guide clarifies when foreign owners of Single-Member LLCs (SMLLCs) and Multi-Member LLCs (MMLLCs) must report and file U.S. &hellip; Continue reading \"U.S. Federal Tax Obligations for Foreign-Owned LLCs: Essential Guide to ECI, FDAP, and Withholding\"","og_url":"https:\/\/oandgaccounting.com\/staging\/es\/resources\/u-s-federal-tax-obligations-for-foreign-owned-llcs-essential-guide-to-eci-fdap-and-withholding\/","og_site_name":"O&amp;G Tax and Accounting","article_modified_time":"2025-03-07T12:21:13+00:00","og_image":[{"width":1505,"height":1505,"url":"https:\/\/oandgaccounting.com\/staging\/wp-content\/uploads\/2024\/10\/filling.jpg","type":"image\/jpeg"}],"twitter_card":"summary_large_image","twitter_misc":{"Tiempo de lectura":"5 minutos"},"schema":{"@context":"https:\/\/schema.org","@graph":[{"@type":"WebPage","@id":"https:\/\/oandgaccounting.com\/staging\/resources\/u-s-federal-tax-obligations-for-foreign-owned-llcs-essential-guide-to-eci-fdap-and-withholding\/","url":"https:\/\/oandgaccounting.com\/staging\/resources\/u-s-federal-tax-obligations-for-foreign-owned-llcs-essential-guide-to-eci-fdap-and-withholding\/","name":"U.S. Federal Tax Obligations for Foreign-Owned LLCs: Essential Guide to ECI, FDAP, and Withholding - O&amp;G Tax and Accounting","isPartOf":{"@id":"https:\/\/oandgaccounting.com\/staging\/#website"},"datePublished":"2024-11-06T12:00:05+00:00","dateModified":"2025-03-07T12:21:13+00:00","breadcrumb":{"@id":"https:\/\/oandgaccounting.com\/staging\/resources\/u-s-federal-tax-obligations-for-foreign-owned-llcs-essential-guide-to-eci-fdap-and-withholding\/#breadcrumb"},"inLanguage":"es","potentialAction":[{"@type":"ReadAction","target":["https:\/\/oandgaccounting.com\/staging\/resources\/u-s-federal-tax-obligations-for-foreign-owned-llcs-essential-guide-to-eci-fdap-and-withholding\/"]}]},{"@type":"BreadcrumbList","@id":"https:\/\/oandgaccounting.com\/staging\/resources\/u-s-federal-tax-obligations-for-foreign-owned-llcs-essential-guide-to-eci-fdap-and-withholding\/#breadcrumb","itemListElement":[{"@type":"ListItem","position":1,"name":"Resources","item":"https:\/\/oandgaccounting.com\/staging\/resources\/"},{"@type":"ListItem","position":2,"name":"U.S. Federal Tax Obligations for Foreign-Owned LLCs: Essential Guide to ECI, FDAP, and Withholding"}]},{"@type":"WebSite","@id":"https:\/\/oandgaccounting.com\/staging\/#website","url":"https:\/\/oandgaccounting.com\/staging\/","name":"O&amp;G Tax and Accounting","description":"","publisher":{"@id":"https:\/\/oandgaccounting.com\/staging\/#organization"},"potentialAction":[{"@type":"SearchAction","target":{"@type":"EntryPoint","urlTemplate":"https:\/\/oandgaccounting.com\/staging\/?s={search_term_string}"},"query-input":"required name=search_term_string"}],"inLanguage":"es"},{"@type":"Organization","@id":"https:\/\/oandgaccounting.com\/staging\/#organization","name":"O&amp;G Tax and Accounting","url":"https:\/\/oandgaccounting.com\/staging\/","logo":{"@type":"ImageObject","inLanguage":"es","@id":"https:\/\/oandgaccounting.com\/staging\/#\/schema\/logo\/image\/","url":"https:\/\/oandgaccounting.com\/staging\/wp-content\/uploads\/2019\/07\/logo.png","contentUrl":"https:\/\/oandgaccounting.com\/staging\/wp-content\/uploads\/2019\/07\/logo.png","width":123,"height":74,"caption":"O&amp;G Tax and Accounting"},"image":{"@id":"https:\/\/oandgaccounting.com\/staging\/#\/schema\/logo\/image\/"}}]}},"_links":{"self":[{"href":"https:\/\/oandgaccounting.com\/staging\/es\/wp-json\/wp\/v2\/pages\/6157"}],"collection":[{"href":"https:\/\/oandgaccounting.com\/staging\/es\/wp-json\/wp\/v2\/pages"}],"about":[{"href":"https:\/\/oandgaccounting.com\/staging\/es\/wp-json\/wp\/v2\/types\/page"}],"author":[{"embeddable":true,"href":"https:\/\/oandgaccounting.com\/staging\/es\/wp-json\/wp\/v2\/users\/1"}],"replies":[{"embeddable":true,"href":"https:\/\/oandgaccounting.com\/staging\/es\/wp-json\/wp\/v2\/comments?post=6157"}],"version-history":[{"count":4,"href":"https:\/\/oandgaccounting.com\/staging\/es\/wp-json\/wp\/v2\/pages\/6157\/revisions"}],"predecessor-version":[{"id":6334,"href":"https:\/\/oandgaccounting.com\/staging\/es\/wp-json\/wp\/v2\/pages\/6157\/revisions\/6334"}],"up":[{"embeddable":true,"href":"https:\/\/oandgaccounting.com\/staging\/es\/wp-json\/wp\/v2\/pages\/24"}],"wp:attachment":[{"href":"https:\/\/oandgaccounting.com\/staging\/es\/wp-json\/wp\/v2\/media?parent=6157"}],"curies":[{"name":"wp","href":"https:\/\/api.w.org\/{rel}","templated":true}]}}