{"id":6159,"date":"2024-11-06T12:05:23","date_gmt":"2024-11-06T12:05:23","guid":{"rendered":"https:\/\/oandgaccounting.com\/staging\/?page_id=6159"},"modified":"2025-03-07T12:21:45","modified_gmt":"2025-03-07T12:21:45","slug":"filing-proforma-1120-and-form-5472-for-foreign-owned-single-member-llcs","status":"publish","type":"page","link":"https:\/\/oandgaccounting.com\/staging\/es\/resources\/filing-proforma-1120-and-form-5472-for-foreign-owned-single-member-llcs\/","title":{"rendered":"Presentaci\u00f3n del Proforma 1120 y el Formulario 5472 para LLC de propiedad extranjera de un solo miembro"},"content":{"rendered":"<div class=\"onefivequestion\">\n<div class=\"container py-4 text-left\">\n<p><a href=\"https:\/\/oandgaccounting.com\/staging\/foreign-owned-us-llc\/7-common-questions-about-foreign-owned-u-s-llcs-answered-by-a-cpa\/\" rel=\"noopener\" target=\"_blank\">Sociedades de responsabilidad limitada (LLC) unipersonales de propiedad extranjera<\/a> Las empresas que operan en los Estados Unidos deben cumplir con requisitos de presentaci\u00f3n de informes federales anuales espec\u00edficos, principalmente los <a href=\"https:\/\/oandgaccounting.com\/staging\/foreign-owned-us-llc\/how-to-file-forms-5472-and-1120-for-a-foreign-owned-single-member-llc\/\" rel=\"noopener\" target=\"_blank\">Proforma 1120 y Formulario 5472<\/a>. Estos formularios documentan las transacciones entre la LLC y su propietario extranjero u otras partes relacionadas, garantizando as\u00ed el cumplimiento de las normas del IRS. Para los propietarios extranjeros de LLC, clasificar las aportaciones de capital, distinguir los gastos comerciales y declarar correctamente las transacciones en criptomonedas o divisas puede presentar desaf\u00edos \u00fanicos. Este art\u00edculo ofrece una gu\u00eda clara sobre estos temas clave para ayudar a los propietarios extranjeros a gestionar eficazmente sus obligaciones tributarias.<\/p>\n<p><strong>Conceptos y cuestiones clave<\/strong><\/p>\n<p><strong>Aportaciones de capital y gastos empresariales<\/strong><\/p>\n<ul>\n<li style=\"padding-bottom: 10px;\">Definici\u00f3n de aportaciones de capital<br \/>\n        Las contribuciones de capital incluyen cualquier fondo o activo que un propietario proporcione a su LLC para apoyar las operaciones comerciales. Estas contribuciones representan capital y no ingresos comerciales, por lo que no deben declararse como ingresos comerciales en la cuenta. <a href=\"https:\/\/www.irs.gov\/forms-pubs\/about-form-1120\" rel=\"noopener\" target=\"_blank\">Proforma 1120<\/a>. En cambio, se clasifican como transacciones entre partes relacionadas en <a href=\"https:\/\/www.irs.gov\/forms-pubs\/about-form-5472\" rel=\"noopener\" target=\"_blank\">Formulario 5472<\/a>, proporcionando transparencia sobre las fuentes de financiaci\u00f3n.\n        <\/li>\n<li style=\"padding-bottom: 10px;\">Informe de gastos comerciales de bolsillo<br \/>\n        Los gastos comerciales pagados con fondos personales del propietario, como publicidad o material de oficina utilizado exclusivamente para la LLC, deben declararse como aportaciones de capital en el Formulario 5472. Esta clasificaci\u00f3n es esencial porque, si bien estos gastos se pagaron inicialmente con fondos personales, aumentan efectivamente los recursos de la LLC. Declararlos como aportaciones de capital permite mantener registros precisos de la participaci\u00f3n financiera del propietario en la empresa.\n        <\/li>\n<\/ul>\n<p><strong>Momento de presentaci\u00f3n de informes para la contabilidad de caja<\/strong><\/p>\n<p>El IRS requiere que las peque\u00f1as y medianas empresas (SMLLC) de propiedad extranjera que utilicen el <a href=\"http:\/\/chrome-extension:\/\/efaidnbmnnnibpcajpcglclefindmkaj\/https:\/\/www.irs.gov\/pub\/irs-pdf\/p538.pdf\" rel=\"noopener\" target=\"_blank\">m\u00e9todo de contabilidad de caja<\/a> Reportar las transacciones seg\u00fan la fecha de salida efectiva de los fondos de la cuenta, en lugar de la fecha de facturaci\u00f3n del gasto. Por ejemplo, si un gasto de publicidad tiene fecha del 30 de diciembre de 2024, pero los fondos se deducen el 1 de enero de 2025, el gasto debe reportarse en 2025 en el Formulario 5472. Este enfoque se ajusta al principio de caja, lo que garantiza una presentaci\u00f3n de informes coherente y conforme a las normas.<\/p>\n<p><strong>Transacciones de criptomonedas como aportaciones de capital<\/strong><\/p>\n<ul>\n<li style=\"padding-bottom: 10px;\">Clasificaci\u00f3n de las transacciones de criptomonedas como contribuciones de capital<br \/>\n        Cuando un propietario utiliza criptomonedas adquiridas con fondos personales para realizar compras comerciales, esto se considera una aportaci\u00f3n de capital. Documentar la compra inicial, la transferencia a la LLC y el uso final en una transacci\u00f3n comercial proporciona un registro claro para la declaraci\u00f3n del IRS.\n        <\/li>\n<\/ul>\n<p><strong>Contribuciones en moneda extranjera<\/strong><\/p>\n<p>Cuando las transacciones declarables o con partes relacionadas se realizan en una moneda distinta al d\u00f3lar estadounidense, deben convertirse a d\u00f3lares estadounidenses para que la declaraci\u00f3n en el Formulario 5472 sea precisa. El IRS proporciona una tabla oficial de tipos de cambio que puede utilizarse, aunque tambi\u00e9n se aceptan otras fuentes financieras fiables. Aseg\u00farese de especificar la fuente del tipo de cambio en el formulario para garantizar la transparencia.<\/p>\n<p><strong>Gu\u00eda de presentaci\u00f3n paso a paso<\/strong><\/p>\n<ul>\n<li style=\"padding-bottom: 10px;\">Clasifique las transacciones cuidadosamente<br \/>\nPara mayor precisi\u00f3n, distinga entre gastos comerciales y personales. Las aportaciones de capital, incluidos los gastos de bolsillo pagados por el propietario de la LLC, deben registrarse en el Formulario 5472.<\/li>\n<li style=\"padding-bottom: 10px;\">Utilizar fechas de pago para informes de base de efectivo<br \/>\nAl utilizar el m\u00e9todo de caja, registre las transacciones seg\u00fan la fecha en que los fondos salen efectivamente de la cuenta del titular, independientemente de la fecha de la factura. Esta coherencia es especialmente importante para las transacciones de fin de a\u00f1o procesadas en el a\u00f1o siguiente.<\/li>\n<li style=\"padding-bottom: 10px;\">Siga las pautas del IRS para la conversi\u00f3n de moneda<br \/>\nCuando las transacciones reportables o entre partes relacionadas se realicen en moneda extranjera, convi\u00e9rtalas a USD utilizando el m\u00e9todo <a href=\"https:\/\/www.irs.gov\/individuals\/international-taxpayers\/yearly-average-currency-exchange-rates\" rel=\"noopener\" target=\"_blank\">Tipos de cambio de divisas promedio anuales<\/a><br \/>\n u otra fuente confiable. Indique la fuente de la tasa en el Formulario 5472 para mayor claridad.<\/li>\n<\/ul>\n<p><strong>Consideraciones adicionales: Cumplimiento de la Ley de Transparencia Corporativa (CTA)<\/strong><\/p>\n<p>Las LLC de propiedad extranjera tambi\u00e9n deben cumplir con las <a href=\"https:\/\/oandgaccounting.com\/staging\/corporate-transparency-act-cta-filing-service\/\" rel=\"noopener\" target=\"_blank\">Ley de Transparencia Corporativa (CTA)<\/a> bajo el <a href=\"https:\/\/www.fincen.gov\/anti-money-laundering-act-2020\" rel=\"noopener\" target=\"_blank\">Ley contra el lavado de dinero de 2020<\/a>, que obliga a informar sobre <a href=\"https:\/\/fincen.gov\/boi\" rel=\"noopener\" target=\"_blank\">informaci\u00f3n sobre la titularidad real (BOI)<\/a>).<\/p>\n<ul>\n<li style=\"padding-bottom: 10px;\">Qui\u00e9n debe presentar la declaraci\u00f3n: Las LLC de un solo miembro de propiedad extranjera creadas antes del 1 de enero de 2024 deben presentar un informe BOI antes del 1 de enero de 2025. Las LLC formadas despu\u00e9s del 1 de enero de 2024 tienen un per\u00edodo de presentaci\u00f3n de 90 d\u00edas.<\/li>\n<li style=\"padding-bottom: 10px;\">Informaci\u00f3n requerida: El informe de la Junta de Inversiones (BOI) debe incluir el nombre completo, la direcci\u00f3n, la fecha de nacimiento y un n\u00famero de identificaci\u00f3n oficial v\u00e1lido de cada beneficiario. Es obligatorio cumplir con los requisitos de la BOI para evitar posibles sanciones.<\/li>\n<\/ul>\n<p>Para obtener ayuda con el cumplimiento de la CTA, consulte a un <a href=\"https:\/\/oandgaccounting.com\/staging\/corporate-transparency-act-cta-filing-service\/\" rel=\"noopener\" target=\"_blank\">servicio de contabilidad especializado <\/a>que comprende los requisitos de presentaci\u00f3n espec\u00edficos para las LLC de propiedad extranjera.<\/p>\n<p>La presentaci\u00f3n del Formulario Proforma 1120 y el Formulario 5472 para sociedades de responsabilidad limitada (LLC) unipersonales de propiedad extranjera implica la clasificaci\u00f3n y el informe precisos de las aportaciones de capital, los gastos comerciales y los gastos de bolsillo. Las transacciones con criptomonedas y divisas extranjeras a\u00f1aden complejidad, lo que requiere una documentaci\u00f3n minuciosa. Adem\u00e1s, el cumplimiento de la CTA exige que la Junta de Inversiones (BOI) informe a la FinCEN, con sanciones por incumplimiento.<\/p>\n<p>Si tiene preguntas sobre la presentaci\u00f3n del Formulario Proforma 1120, el Formulario 5472 o el cumplimiento de la CTA, programe una <a href=\"https:\/\/oandgaccounting.com\/staging\/appointment-booking-form\/\" rel=\"noopener\" target=\"_blank\">Consulta con Servicios de Impuestos y Contabilidad de O&amp;G<\/a>. Nuestro equipo se especializa en guiar a las LLC de propiedad extranjera a trav\u00e9s de estos complejos requisitos de presentaci\u00f3n de informes, ayud\u00e1ndoles a garantizar el cumplimiento y la claridad en sus presentaciones.<\/p>\n<\/p><\/div>\n<\/div>","protected":false},"excerpt":{"rendered":"<p>Foreign-owned single-member LLCs operating in the United States must fulfill specific annual federal filing requirements, primarily the Proforma 1120 and Form 5472. These forms document transactions between the LLC and its foreign owner or other related parties, ensuring compliance with IRS standards. For foreign LLC owners, classifying capital contributions, distinguishing business expenses, and correctly reporting &hellip; <a href=\"https:\/\/oandgaccounting.com\/staging\/es\/resources\/filing-proforma-1120-and-form-5472-for-foreign-owned-single-member-llcs\/\" class=\"more-link\">Continue reading<span class=\"screen-reader-text\"> &#8220;Filing Proforma 1120 and Form 5472 for Foreign-Owned Single-Member LLCs&#8221;<\/span><\/a><\/p>","protected":false},"author":1,"featured_media":0,"parent":24,"menu_order":0,"comment_status":"closed","ping_status":"closed","template":"default_withchat.php","meta":{"om_disable_all_campaigns":false,"_monsterinsights_skip_tracking":false,"_monsterinsights_sitenote_active":false,"_monsterinsights_sitenote_note":"","_monsterinsights_sitenote_category":0,"footnotes":""},"acf":[],"yoast_head":"<!-- This site is optimized with the Yoast SEO plugin v22.6 - https:\/\/yoast.com\/wordpress\/plugins\/seo\/ -->\n<title>Filing Proforma 1120 and Form 5472 for Foreign-Owned Single-Member LLCs - O&amp;G Tax and Accounting<\/title>\n<meta name=\"robots\" content=\"index, follow, max-snippet:-1, max-image-preview:large, max-video-preview:-1\" \/>\n<link rel=\"canonical\" href=\"https:\/\/oandgaccounting.com\/staging\/es\/resources\/filing-proforma-1120-and-form-5472-for-foreign-owned-single-member-llcs\/\" \/>\n<meta property=\"og:locale\" content=\"es_ES\" \/>\n<meta property=\"og:type\" content=\"article\" \/>\n<meta property=\"og:title\" content=\"Filing Proforma 1120 and Form 5472 for Foreign-Owned Single-Member LLCs - O&amp;G Tax and Accounting\" \/>\n<meta property=\"og:description\" content=\"Foreign-owned single-member LLCs operating in the United States must fulfill specific annual federal filing requirements, primarily the Proforma 1120 and Form 5472. These forms document transactions between the LLC and its foreign owner or other related parties, ensuring compliance with IRS standards. For foreign LLC owners, classifying capital contributions, distinguishing business expenses, and correctly reporting &hellip; Continue reading &quot;Filing Proforma 1120 and Form 5472 for Foreign-Owned Single-Member LLCs&quot;\" \/>\n<meta property=\"og:url\" content=\"https:\/\/oandgaccounting.com\/staging\/es\/resources\/filing-proforma-1120-and-form-5472-for-foreign-owned-single-member-llcs\/\" \/>\n<meta property=\"og:site_name\" content=\"O&amp;G Tax and Accounting\" \/>\n<meta property=\"article:modified_time\" content=\"2025-03-07T12:21:45+00:00\" \/>\n<meta property=\"og:image\" content=\"https:\/\/oandgaccounting.com\/staging\/wp-content\/uploads\/2024\/11\/feeling.jpg\" \/>\n\t<meta property=\"og:image:width\" content=\"1175\" \/>\n\t<meta property=\"og:image:height\" content=\"1175\" \/>\n\t<meta property=\"og:image:type\" content=\"image\/jpeg\" \/>\n<meta name=\"twitter:card\" content=\"summary_large_image\" \/>\n<meta name=\"twitter:label1\" content=\"Tiempo de lectura\" \/>\n\t<meta name=\"twitter:data1\" content=\"4 minutos\" \/>\n<script type=\"application\/ld+json\" class=\"yoast-schema-graph\">{\"@context\":\"https:\/\/schema.org\",\"@graph\":[{\"@type\":\"WebPage\",\"@id\":\"https:\/\/oandgaccounting.com\/staging\/resources\/filing-proforma-1120-and-form-5472-for-foreign-owned-single-member-llcs\/\",\"url\":\"https:\/\/oandgaccounting.com\/staging\/resources\/filing-proforma-1120-and-form-5472-for-foreign-owned-single-member-llcs\/\",\"name\":\"Filing Proforma 1120 and Form 5472 for Foreign-Owned Single-Member LLCs - O&amp;G Tax and Accounting\",\"isPartOf\":{\"@id\":\"https:\/\/oandgaccounting.com\/staging\/#website\"},\"datePublished\":\"2024-11-06T12:05:23+00:00\",\"dateModified\":\"2025-03-07T12:21:45+00:00\",\"breadcrumb\":{\"@id\":\"https:\/\/oandgaccounting.com\/staging\/resources\/filing-proforma-1120-and-form-5472-for-foreign-owned-single-member-llcs\/#breadcrumb\"},\"inLanguage\":\"es\",\"potentialAction\":[{\"@type\":\"ReadAction\",\"target\":[\"https:\/\/oandgaccounting.com\/staging\/resources\/filing-proforma-1120-and-form-5472-for-foreign-owned-single-member-llcs\/\"]}]},{\"@type\":\"BreadcrumbList\",\"@id\":\"https:\/\/oandgaccounting.com\/staging\/resources\/filing-proforma-1120-and-form-5472-for-foreign-owned-single-member-llcs\/#breadcrumb\",\"itemListElement\":[{\"@type\":\"ListItem\",\"position\":1,\"name\":\"Resources\",\"item\":\"https:\/\/oandgaccounting.com\/staging\/resources\/\"},{\"@type\":\"ListItem\",\"position\":2,\"name\":\"Filing Proforma 1120 and Form 5472 for Foreign-Owned Single-Member LLCs\"}]},{\"@type\":\"WebSite\",\"@id\":\"https:\/\/oandgaccounting.com\/staging\/#website\",\"url\":\"https:\/\/oandgaccounting.com\/staging\/\",\"name\":\"O&amp;G Tax and Accounting\",\"description\":\"\",\"publisher\":{\"@id\":\"https:\/\/oandgaccounting.com\/staging\/#organization\"},\"potentialAction\":[{\"@type\":\"SearchAction\",\"target\":{\"@type\":\"EntryPoint\",\"urlTemplate\":\"https:\/\/oandgaccounting.com\/staging\/?s={search_term_string}\"},\"query-input\":\"required name=search_term_string\"}],\"inLanguage\":\"es\"},{\"@type\":\"Organization\",\"@id\":\"https:\/\/oandgaccounting.com\/staging\/#organization\",\"name\":\"O&amp;G Tax and Accounting\",\"url\":\"https:\/\/oandgaccounting.com\/staging\/\",\"logo\":{\"@type\":\"ImageObject\",\"inLanguage\":\"es\",\"@id\":\"https:\/\/oandgaccounting.com\/staging\/#\/schema\/logo\/image\/\",\"url\":\"https:\/\/oandgaccounting.com\/staging\/wp-content\/uploads\/2019\/07\/logo.png\",\"contentUrl\":\"https:\/\/oandgaccounting.com\/staging\/wp-content\/uploads\/2019\/07\/logo.png\",\"width\":123,\"height\":74,\"caption\":\"O&amp;G Tax and Accounting\"},\"image\":{\"@id\":\"https:\/\/oandgaccounting.com\/staging\/#\/schema\/logo\/image\/\"}}]}<\/script>\n<!-- \/ Yoast SEO plugin. -->","yoast_head_json":{"title":"Filing Proforma 1120 and Form 5472 for Foreign-Owned Single-Member LLCs - O&amp;G Tax and Accounting","robots":{"index":"index","follow":"follow","max-snippet":"max-snippet:-1","max-image-preview":"max-image-preview:large","max-video-preview":"max-video-preview:-1"},"canonical":"https:\/\/oandgaccounting.com\/staging\/es\/resources\/filing-proforma-1120-and-form-5472-for-foreign-owned-single-member-llcs\/","og_locale":"es_ES","og_type":"article","og_title":"Filing Proforma 1120 and Form 5472 for Foreign-Owned Single-Member LLCs - O&amp;G Tax and Accounting","og_description":"Foreign-owned single-member LLCs operating in the United States must fulfill specific annual federal filing requirements, primarily the Proforma 1120 and Form 5472. These forms document transactions between the LLC and its foreign owner or other related parties, ensuring compliance with IRS standards. For foreign LLC owners, classifying capital contributions, distinguishing business expenses, and correctly reporting &hellip; Continue reading \"Filing Proforma 1120 and Form 5472 for Foreign-Owned Single-Member LLCs\"","og_url":"https:\/\/oandgaccounting.com\/staging\/es\/resources\/filing-proforma-1120-and-form-5472-for-foreign-owned-single-member-llcs\/","og_site_name":"O&amp;G Tax and Accounting","article_modified_time":"2025-03-07T12:21:45+00:00","og_image":[{"width":1175,"height":1175,"url":"https:\/\/oandgaccounting.com\/staging\/wp-content\/uploads\/2024\/11\/feeling.jpg","type":"image\/jpeg"}],"twitter_card":"summary_large_image","twitter_misc":{"Tiempo de lectura":"4 minutos"},"schema":{"@context":"https:\/\/schema.org","@graph":[{"@type":"WebPage","@id":"https:\/\/oandgaccounting.com\/staging\/resources\/filing-proforma-1120-and-form-5472-for-foreign-owned-single-member-llcs\/","url":"https:\/\/oandgaccounting.com\/staging\/resources\/filing-proforma-1120-and-form-5472-for-foreign-owned-single-member-llcs\/","name":"Filing Proforma 1120 and Form 5472 for Foreign-Owned Single-Member LLCs - O&amp;G Tax and Accounting","isPartOf":{"@id":"https:\/\/oandgaccounting.com\/staging\/#website"},"datePublished":"2024-11-06T12:05:23+00:00","dateModified":"2025-03-07T12:21:45+00:00","breadcrumb":{"@id":"https:\/\/oandgaccounting.com\/staging\/resources\/filing-proforma-1120-and-form-5472-for-foreign-owned-single-member-llcs\/#breadcrumb"},"inLanguage":"es","potentialAction":[{"@type":"ReadAction","target":["https:\/\/oandgaccounting.com\/staging\/resources\/filing-proforma-1120-and-form-5472-for-foreign-owned-single-member-llcs\/"]}]},{"@type":"BreadcrumbList","@id":"https:\/\/oandgaccounting.com\/staging\/resources\/filing-proforma-1120-and-form-5472-for-foreign-owned-single-member-llcs\/#breadcrumb","itemListElement":[{"@type":"ListItem","position":1,"name":"Resources","item":"https:\/\/oandgaccounting.com\/staging\/resources\/"},{"@type":"ListItem","position":2,"name":"Filing Proforma 1120 and Form 5472 for Foreign-Owned Single-Member LLCs"}]},{"@type":"WebSite","@id":"https:\/\/oandgaccounting.com\/staging\/#website","url":"https:\/\/oandgaccounting.com\/staging\/","name":"O&amp;G Tax and Accounting","description":"","publisher":{"@id":"https:\/\/oandgaccounting.com\/staging\/#organization"},"potentialAction":[{"@type":"SearchAction","target":{"@type":"EntryPoint","urlTemplate":"https:\/\/oandgaccounting.com\/staging\/?s={search_term_string}"},"query-input":"required name=search_term_string"}],"inLanguage":"es"},{"@type":"Organization","@id":"https:\/\/oandgaccounting.com\/staging\/#organization","name":"O&amp;G Tax and Accounting","url":"https:\/\/oandgaccounting.com\/staging\/","logo":{"@type":"ImageObject","inLanguage":"es","@id":"https:\/\/oandgaccounting.com\/staging\/#\/schema\/logo\/image\/","url":"https:\/\/oandgaccounting.com\/staging\/wp-content\/uploads\/2019\/07\/logo.png","contentUrl":"https:\/\/oandgaccounting.com\/staging\/wp-content\/uploads\/2019\/07\/logo.png","width":123,"height":74,"caption":"O&amp;G Tax and Accounting"},"image":{"@id":"https:\/\/oandgaccounting.com\/staging\/#\/schema\/logo\/image\/"}}]}},"_links":{"self":[{"href":"https:\/\/oandgaccounting.com\/staging\/es\/wp-json\/wp\/v2\/pages\/6159"}],"collection":[{"href":"https:\/\/oandgaccounting.com\/staging\/es\/wp-json\/wp\/v2\/pages"}],"about":[{"href":"https:\/\/oandgaccounting.com\/staging\/es\/wp-json\/wp\/v2\/types\/page"}],"author":[{"embeddable":true,"href":"https:\/\/oandgaccounting.com\/staging\/es\/wp-json\/wp\/v2\/users\/1"}],"replies":[{"embeddable":true,"href":"https:\/\/oandgaccounting.com\/staging\/es\/wp-json\/wp\/v2\/comments?post=6159"}],"version-history":[{"count":4,"href":"https:\/\/oandgaccounting.com\/staging\/es\/wp-json\/wp\/v2\/pages\/6159\/revisions"}],"predecessor-version":[{"id":6335,"href":"https:\/\/oandgaccounting.com\/staging\/es\/wp-json\/wp\/v2\/pages\/6159\/revisions\/6335"}],"up":[{"embeddable":true,"href":"https:\/\/oandgaccounting.com\/staging\/es\/wp-json\/wp\/v2\/pages\/24"}],"wp:attachment":[{"href":"https:\/\/oandgaccounting.com\/staging\/es\/wp-json\/wp\/v2\/media?parent=6159"}],"curies":[{"name":"wp","href":"https:\/\/api.w.org\/{rel}","templated":true}]}}