{"id":6202,"date":"2024-12-12T15:38:13","date_gmt":"2024-12-12T15:38:13","guid":{"rendered":"https:\/\/oandgaccounting.com\/staging\/?page_id=6202"},"modified":"2025-03-07T12:23:38","modified_gmt":"2025-03-07T12:23:38","slug":"investing-in-u-s-markets-as-a-non-resident-alien-nra-faqs-on-llc-formation-tax-filing-and-compliance","status":"publish","type":"page","link":"https:\/\/oandgaccounting.com\/staging\/es\/resources\/investing-in-u-s-markets-as-a-non-resident-alien-nra-faqs-on-llc-formation-tax-filing-and-compliance\/","title":{"rendered":"Invertir en los mercados estadounidenses como extranjero no residente (NRA): Preguntas frecuentes sobre la formaci\u00f3n de sociedades de responsabilidad limitada (LLC), la presentaci\u00f3n de impuestos y el cumplimiento normativo"},"content":{"rendered":"<div class=\"onefivequestion\">\n<div class=\"container py-4 text-left\">\n<p><a href=\"https:\/\/www.irs.gov\/businesses\/taxation-of-nonresident-aliens-international-tax-gap-series\" rel=\"noopener\" target=\"_blank\">Extranjeros no residentes (NRAs) <\/a>Los interesados en invertir en los mercados estadounidenses tienen varias opciones para estructurar sus inversiones, desde la creaci\u00f3n de cuentas directas hasta la formaci\u00f3n de una <a href=\"https:\/\/www.irs.gov\/businesses\/small-businesses-self-employed\/limited-liability-company-llc\" rel=\"noopener\" target=\"_blank\">Sociedad de responsabilidad limitada (LLC)<\/a>. Cada enfoque ofrece ventajas e implicaciones fiscales \u00fanicas, que son fundamentales para cumplir con las leyes fiscales federales de EE. UU. Esta gu\u00eda de preguntas frecuentes responde a las preguntas comunes que los NRA pueden tener al invertir en EE. UU. y gestionar sus obligaciones fiscales y requisitos de presentaci\u00f3n de informes.<\/p>\n<p><strong>Preguntas frecuentes (FAQ)<\/strong><\/p>\n<p><strong>P: \u00bfPuedo invertir en los mercados estadounidenses sin estar f\u00edsicamente presente en el pa\u00eds?<\/strong><\/p>\n<p>R: S\u00ed, los NRA pueden invertir en los mercados estadounidenses sin necesidad de visitar el pa\u00eds. Pueden invertir directamente a trav\u00e9s de una agencia de corretaje o establecer una entidad, como una LLC, para gestionar las inversiones. Una LLC ofrece un m\u00e9todo simplificado para facilitar las inversiones y gestionar las obligaciones fiscales, pero es solo una de las muchas opciones disponibles.<\/p>\n<p><strong>P: \u00bfCu\u00e1les son las ventajas de utilizar una LLC para invertir en los EE. UU.?<\/strong><\/p>\n<p><strong>R: Establecer una LLC ofrece varios beneficios:<\/strong><\/p>\n<ul>\n<li style=\"padding-bottom: 10px\">\n        <strong>Impuestos de transferencia:<\/strong> La LLC no paga por s\u00ed misma el impuesto federal a la renta; en cambio, los ingresos \u201cpasan\u201d a los propietarios, quienes los declaran en sus propias declaraciones de impuestos.\n      <\/li>\n<li style=\"padding-bottom: 10px\">\n        <strong>Acceso bancario: <\/strong> A las LLC de propiedad extranjera les puede resultar m\u00e1s f\u00e1cil abrir cuentas bancarias en EE. UU., especialmente a trav\u00e9s de instituciones financieras que se especializan en cuentas comerciales.\n      <\/li>\n<li style=\"padding-bottom: 10px\">\n       <strong>Simplicidad en los informes: <\/strong> Las LLC est\u00e1n sujetas a obligaciones de presentaci\u00f3n de informes simplificadas, lo que puede ayudar a los inversores extranjeros a gestionar los requisitos de cumplimiento de EE. UU.\n      <\/li>\n<\/ul>\n<p><strong>P: \u00bfQu\u00e9 pasos debo seguir para abrir una cuenta bancaria en EE. UU. como NRA?<\/strong><\/p>\n<p>R: Abrir una cuenta bancaria en EE. UU. como extranjero no residente puede ser complicado, ya que la mayor\u00eda de los bancos requieren una visita en persona para la verificaci\u00f3n de la cuenta. Algunas plataformas en l\u00ednea, como <a href=\"https:\/\/mercury.com\/\" rel=\"noopener\" target=\"_blank\">Mercurio<\/a>, puede ofrecer opciones de banca comercial para <a href=\"https:\/\/oandgaccounting.com\/staging\/foreign-owned-us-llc\/7-common-questions-about-foreign-owned-u-s-llcs-answered-by-a-cpa\/\" rel=\"noopener\" target=\"_blank\">sociedades de responsabilidad limitada (LLC) de propiedad extranjera<\/a>, Aunque estos servicios pueden restringir la elegibilidad seg\u00fan el pa\u00eds, investigar estos bancos antes de establecer una LLC puede ayudar a determinar si la instituci\u00f3n admite cuentas para personas de su pa\u00eds.<\/p>\n<p><strong>P: \u00bfCu\u00e1les son los requisitos de declaraci\u00f3n de impuestos en Estados Unidos si formo una LLC para invertir?<\/strong><\/p>\n<p><strong>R: Las LLC de propiedad extranjera tienen obligaciones de presentaci\u00f3n de informes federales espec\u00edficas:<\/strong><\/p>\n<ul>\n<li style=\"padding-bottom: 10px\">\n        <strong><a href=\"https:\/\/www.irs.gov\/forms-pubs\/about-form-1065\" rel=\"noopener\" target=\"_blank\">Formulario 1065 <\/a>(Devoluci\u00f3n de la asociaci\u00f3n en EE. UU.): <\/strong> Requerido para sociedades de responsabilidad limitada (LLC) de varios miembros, incluidas <a href=\"https:\/\/www.thetaxadviser.com\/newsletters\/2022\/feb\/complying-new-schedules-k-2-k-3.html\" rel=\"noopener\" target=\"_blank\">Horarios K-1, K-2 y K-3<\/a> por la parte de los ingresos de cada socio.\n      <\/li>\n<li style=\"padding-bottom: 10px\">\n        <strong><a href=\"https:\/\/oandgaccounting.com\/staging\/foreign-owned-us-llc\/how-to-file-forms-5472-and-1120-for-a-foreign-owned-single-member-llc\/\" rel=\"noopener\" target=\"_blank\">Formulario 5472 y Pro Forma 1120<\/a>: <\/strong>Las LLC de un solo miembro con propiedad extranjera deben presentar estos formularios para informar la propiedad y ciertas transacciones.\n      <\/li>\n<li style=\"padding-bottom: 10px\">\n       <strong><a href=\"https:\/\/www.irs.gov\/forms-pubs\/about-form-1040-nr\" rel=\"noopener\" target=\"_blank\">Formulario 1040NR<\/a> y <a href=\"https:\/\/www.irs.gov\/forms-pubs\/about-form-1120-f\" rel=\"noopener\" target=\"_blank\">Formulario 1120-F<\/a>: <\/strong>Se utiliza si se obtuvieron ingresos de fuente estadounidense pero no se retuvieron correctamente, para declarar y pagar los impuestos necesarios.\n      <\/li>\n<\/ul>\n<p><strong>P: \u00bfQu\u00e9 impuestos deben pagar los NRA sobre los dividendos y las ganancias de capital en Estados Unidos?<\/strong><\/p>\n<p><strong>A: El tratamiento fiscal de los dividendos y ganancias de capital para los NRA incluye:<\/strong><\/p>\n<ul>\n<li style=\"padding-bottom: 10px\">\n        <strong>Dividendos: <\/strong> Sujeto a una retenci\u00f3n de impuestos 30% predeterminada para inversionistas extranjeros, que puede reducirse en <a href=\"https:\/\/www.irs.gov\/businesses\/international-businesses\/united-states-income-tax-treaties-a-to-z\" rel=\"noopener\" target=\"_blank\">tratados fiscales con los EE.UU.<\/a> Por ejemplo, el <a href=\"https:\/\/www.irs.gov\/businesses\/international-businesses\/korea-tax-treaty-documents\" rel=\"noopener\" target=\"_blank\">Tratado fiscal entre Estados Unidos y Corea<\/a> reduce la retenci\u00f3n sobre dividendos a 15%.\n      <\/li>\n<li style=\"padding-bottom: 10px\">\n        <strong>Ganancias sobre el capital: <\/strong>Generalmente no est\u00e1n sujetos a impuestos para los NRA a menos que las ganancias sean \u201c<a href=\"https:\/\/www.irs.gov\/individuals\/international-taxpayers\/effectively-connected-income-eci\" rel=\"noopener\" target=\"_blank\">efectivamente conectado<\/a>\u201d&quot; con un comercio o negocio estadounidense. La mayor\u00eda de las ganancias de capital por la venta de valores son <a href=\"https:\/\/www.irs.gov\/individuals\/international-taxpayers\/the-taxation-of-capital-gains-of-nonresident-students-scholars-and-employees-of-foreign-governments\" rel=\"noopener\" target=\"_blank\">exentos de impuestos estadounidenses para los NRA<\/a>.\n      <\/li>\n<\/ul>\n<p>Consulte el tratado fiscal aplicable entre su pa\u00eds y los EE. UU. para ver si califica para una retenci\u00f3n reducida sobre dividendos.<\/p>\n<p><strong>P: \u00bfQu\u00e9 opciones tengo si mi pa\u00eds restringe las inversiones directas de Estados Unidos?<\/strong><\/p>\n<p><strong>R: Si la inversi\u00f3n directa plantea desaf\u00edos, considere estas alternativas:<\/strong><\/p>\n<ul>\n<li style=\"padding-bottom: 10px\">\n    <strong>Propiedad de corporaciones extranjeras: <\/strong>Forme una corporaci\u00f3n en su pa\u00eds o en otra jurisdicci\u00f3n para ser propietario de la LLC estadounidense. Esta configuraci\u00f3n puede simplificar el cumplimiento normativo y ofrecer beneficios para la planificaci\u00f3n patrimonial.\n  <\/li>\n<li style=\"padding-bottom: 10px\">\n    <strong>Jurisdicciones alternativas: <\/strong>Algunos inversores establecen entidades en Hong Kong, Singapur o las Islas Caim\u00e1n, que luego pueden ser propietarias de una LLC estadounidense.\n  <\/li>\n<\/ul>\n<p>Cada estructura ofrece beneficios \u00fanicos, por lo que conviene consultar con un <a href=\"https:\/\/oandgaccounting.com\/staging\/about-me\/\" rel=\"noopener\" target=\"_blank\">asesor fiscal internacional<\/a> Puede ser beneficioso.<\/p>\n<p><strong>P: \u00bfLas ganancias de capital sobre inversiones en EE. UU. est\u00e1n sujetas a impuestos para los NRA?<\/strong><\/p>\n<p>R: Generalmente, las ganancias de capital sobre valores estadounidenses no est\u00e1n sujetas a impuestos para los NRA, a menos que los ingresos est\u00e9n efectivamente vinculados a una actividad comercial o empresarial estadounidense. Sin embargo, los dividendos est\u00e1n sujetos a retenci\u00f3n de impuestos. La tasa predeterminada es 30%, pero los convenios tributarios pueden reducirla.<\/p>\n<p><strong>P: \u00bfQu\u00e9 implicaciones fiscales sobre el patrimonio debo tener en cuenta si poseo activos en EE. UU. a trav\u00e9s de una LLC?<\/strong><\/p>\n<p>A: El impuesto al patrimonio en Estados Unidos se aplica a <a href=\"https:\/\/www.irs.gov\/businesses\/small-businesses-self-employed\/estate-tax-for-nonresidents-not-citizens-of-the-united-states\" rel=\"noopener\" target=\"_blank\">activos en Estados Unidos de ciudadanos no estadounidenses<\/a>, con tasas que van desde el 18% hasta el 40%. La planificaci\u00f3n del impuesto al patrimonio puede ayudar a mitigar este riesgo. Establecer una corporaci\u00f3n extranjera para poseer una LLC con sede en EE. UU. es un m\u00e9todo para proteger los activos del impuesto al patrimonio, ya que las corporaciones no est\u00e1n obligadas a pagarlo.<\/p>\n<p><strong>P: \u00bfPuede una persona estadounidense abrir una LLC y transferir la propiedad a un familiar para facilitar la configuraci\u00f3n de la cuenta?<\/strong><\/p>\n<p>R: S\u00ed, una persona estadounidense puede constituir una LLC a su nombre, abrir una cuenta bancaria y posteriormente transferir la propiedad a otra persona, como un familiar. Siempre que esta transferencia est\u00e9 documentada y legalmente formalizada, las implicaciones fiscales deber\u00edan ser m\u00ednimas si la LLC tiene un valor bajo. Si la LLC aumenta considerablemente su valor, <a href=\"https:\/\/oandgaccounting.com\/staging\/appointment-booking-form\/\" rel=\"noopener\" target=\"_blank\">consultar a un profesional de impuestos<\/a> Puede ayudar a gestionar cualquier consecuencia fiscal.<\/p>\n<p><strong>Conclusiones clave<\/strong><\/p>\n<ul>\n<li style=\"padding-bottom: 10px\">Explorar estructuras de inversi\u00f3n: el uso de una LLC u otras entidades puede proporcionar a los NRA una forma sencilla de administrar inversiones estadounidenses y, al mismo tiempo, cumplir con las obligaciones tributarias.<\/li>\n<li style=\"padding-bottom: 10px\">Comprenda los requisitos fiscales de EE. UU.: Los dividendos generalmente est\u00e1n sujetos a impuestos, mientras que las ganancias de capital sobre valores suelen estar exentas de impuestos para los NRA.<\/li>\n<li style=\"padding-bottom: 10px\">3. Mantener el cumplimiento de las obligaciones de presentaci\u00f3n de informes: formularios como 1040NR, 1120-F, Proforma 1120 y 5472 son esenciales para las LLC de propiedad extranjera y deben presentarse seg\u00fan lo requerido.<\/li>\n<\/ul>\n<p><strong>Consideraciones adicionales<\/strong><\/p>\n<p>Normas fiscales espec\u00edficas de cada estado: Esta gu\u00eda aborda \u00fanicamente las obligaciones fiscales federales. Cada estado de EE. UU. tiene sus propias normas fiscales y posibles obligaciones, como el impuesto sobre la renta, el impuesto de franquicia y el nexo del impuesto sobre las ventas. Confirme los requisitos estatales con un asesor fiscal.<\/p>\n<p>Invertir en EE. UU. como extranjero no residente es posible, pero requiere comprender las obligaciones tributarias y los requisitos de declaraci\u00f3n para garantizar el cumplimiento. Con una planificaci\u00f3n adecuada, puede optimizar sus estrategias de inversi\u00f3n y cumplir con los requisitos federales sin problemas. El asesoramiento profesional puede simplificar las complejidades de invertir en EE. UU. y ayudarle a cumplir con las normas.<\/p>\n<p> \u00bfEst\u00e1 listo para comenzar su viaje de inversi\u00f3n en los EE. UU.? <a href=\"https:\/\/oandgaccounting.com\/staging\/appointment-booking-form\/\" rel=\"noopener\" target=\"_blank\">Programar una consulta<\/a> con <a href=\"https:\/\/oandgaccounting.com\/staging\/\" rel=\"noopener\" target=\"_blank\">Servicios de impuestos y contabilidad de petr\u00f3leo y gas<\/a> para discutir las implicaciones fiscales, la estructuraci\u00f3n de entidades y el cumplimiento de sus inversiones en EE. UU.<\/p>\n<p>Descargo de responsabilidad: Este art\u00edculo trata sobre las obligaciones fiscales federales. Por favor... <a href=\"https:\/\/oandgaccounting.com\/staging\/appointment-booking-form\/\" rel=\"noopener\" target=\"_blank\">consulte a un asesor fiscal<\/a> para conocer los requisitos espec\u00edficos de cada estado y obtener orientaci\u00f3n individual seg\u00fan su situaci\u00f3n.<\/p>\n<\/p><\/div>\n<\/div>","protected":false},"excerpt":{"rendered":"<p>Non-Resident Aliens (NRAs) interested in investing in U.S. markets have several options for structuring their investments, from direct account setups to forming a Limited Liability Company (LLC). Each approach offers unique advantages and tax implications, which are critical to understand for maintaining compliance with U.S. federal tax laws. This FAQ guide provides answers to common &hellip; <a href=\"https:\/\/oandgaccounting.com\/staging\/es\/resources\/investing-in-u-s-markets-as-a-non-resident-alien-nra-faqs-on-llc-formation-tax-filing-and-compliance\/\" class=\"more-link\">Continue reading<span class=\"screen-reader-text\"> &#8220;Investing in U.S. Markets as a Non-Resident Alien (NRA): FAQs on LLC Formation, Tax Filing, and Compliance&#8221;<\/span><\/a><\/p>","protected":false},"author":1,"featured_media":0,"parent":24,"menu_order":0,"comment_status":"closed","ping_status":"closed","template":"default_withchat.php","meta":{"om_disable_all_campaigns":false,"_monsterinsights_skip_tracking":false,"_monsterinsights_sitenote_active":false,"_monsterinsights_sitenote_note":"","_monsterinsights_sitenote_category":0,"footnotes":""},"acf":[],"yoast_head":"<!-- This site is optimized with the Yoast SEO plugin v22.6 - https:\/\/yoast.com\/wordpress\/plugins\/seo\/ -->\n<title>Investing in U.S. Markets as a Non-Resident Alien (NRA): FAQs on LLC Formation, Tax Filing, and Compliance - O&amp;G Tax and Accounting<\/title>\n<meta name=\"robots\" content=\"index, follow, max-snippet:-1, max-image-preview:large, max-video-preview:-1\" \/>\n<link rel=\"canonical\" href=\"https:\/\/oandgaccounting.com\/staging\/es\/resources\/investing-in-u-s-markets-as-a-non-resident-alien-nra-faqs-on-llc-formation-tax-filing-and-compliance\/\" \/>\n<meta property=\"og:locale\" content=\"es_ES\" \/>\n<meta property=\"og:type\" content=\"article\" \/>\n<meta property=\"og:title\" content=\"Investing in U.S. Markets as a Non-Resident Alien (NRA): FAQs on LLC Formation, Tax Filing, and Compliance - O&amp;G Tax and Accounting\" \/>\n<meta property=\"og:description\" content=\"Non-Resident Aliens (NRAs) interested in investing in U.S. markets have several options for structuring their investments, from direct account setups to forming a Limited Liability Company (LLC). Each approach offers unique advantages and tax implications, which are critical to understand for maintaining compliance with U.S. federal tax laws. This FAQ guide provides answers to common &hellip; Continue reading &quot;Investing in U.S. Markets as a Non-Resident Alien (NRA): FAQs on LLC Formation, Tax Filing, and Compliance&quot;\" \/>\n<meta property=\"og:url\" content=\"https:\/\/oandgaccounting.com\/staging\/es\/resources\/investing-in-u-s-markets-as-a-non-resident-alien-nra-faqs-on-llc-formation-tax-filing-and-compliance\/\" \/>\n<meta property=\"og:site_name\" content=\"O&amp;G Tax and Accounting\" \/>\n<meta property=\"article:modified_time\" content=\"2025-03-07T12:23:38+00:00\" \/>\n<meta property=\"og:image\" content=\"https:\/\/oandgaccounting.com\/staging\/wp-content\/uploads\/2024\/12\/llcnw.jpg\" \/>\n\t<meta property=\"og:image:width\" content=\"1091\" \/>\n\t<meta property=\"og:image:height\" content=\"1091\" \/>\n\t<meta property=\"og:image:type\" content=\"image\/jpeg\" \/>\n<meta name=\"twitter:card\" content=\"summary_large_image\" \/>\n<meta name=\"twitter:label1\" content=\"Tiempo de lectura\" \/>\n\t<meta name=\"twitter:data1\" content=\"5 minutos\" \/>\n<script type=\"application\/ld+json\" class=\"yoast-schema-graph\">{\"@context\":\"https:\/\/schema.org\",\"@graph\":[{\"@type\":\"WebPage\",\"@id\":\"https:\/\/oandgaccounting.com\/staging\/resources\/investing-in-u-s-markets-as-a-non-resident-alien-nra-faqs-on-llc-formation-tax-filing-and-compliance\/\",\"url\":\"https:\/\/oandgaccounting.com\/staging\/resources\/investing-in-u-s-markets-as-a-non-resident-alien-nra-faqs-on-llc-formation-tax-filing-and-compliance\/\",\"name\":\"Investing in U.S. Markets as a Non-Resident Alien (NRA): FAQs on LLC Formation, Tax Filing, and Compliance - O&amp;G Tax and Accounting\",\"isPartOf\":{\"@id\":\"https:\/\/oandgaccounting.com\/staging\/#website\"},\"datePublished\":\"2024-12-12T15:38:13+00:00\",\"dateModified\":\"2025-03-07T12:23:38+00:00\",\"breadcrumb\":{\"@id\":\"https:\/\/oandgaccounting.com\/staging\/resources\/investing-in-u-s-markets-as-a-non-resident-alien-nra-faqs-on-llc-formation-tax-filing-and-compliance\/#breadcrumb\"},\"inLanguage\":\"es\",\"potentialAction\":[{\"@type\":\"ReadAction\",\"target\":[\"https:\/\/oandgaccounting.com\/staging\/resources\/investing-in-u-s-markets-as-a-non-resident-alien-nra-faqs-on-llc-formation-tax-filing-and-compliance\/\"]}]},{\"@type\":\"BreadcrumbList\",\"@id\":\"https:\/\/oandgaccounting.com\/staging\/resources\/investing-in-u-s-markets-as-a-non-resident-alien-nra-faqs-on-llc-formation-tax-filing-and-compliance\/#breadcrumb\",\"itemListElement\":[{\"@type\":\"ListItem\",\"position\":1,\"name\":\"Resources\",\"item\":\"https:\/\/oandgaccounting.com\/staging\/resources\/\"},{\"@type\":\"ListItem\",\"position\":2,\"name\":\"Investing in U.S. Markets as a Non-Resident Alien (NRA): FAQs on LLC Formation, Tax Filing, and Compliance\"}]},{\"@type\":\"WebSite\",\"@id\":\"https:\/\/oandgaccounting.com\/staging\/#website\",\"url\":\"https:\/\/oandgaccounting.com\/staging\/\",\"name\":\"O&amp;G Tax and Accounting\",\"description\":\"\",\"publisher\":{\"@id\":\"https:\/\/oandgaccounting.com\/staging\/#organization\"},\"potentialAction\":[{\"@type\":\"SearchAction\",\"target\":{\"@type\":\"EntryPoint\",\"urlTemplate\":\"https:\/\/oandgaccounting.com\/staging\/?s={search_term_string}\"},\"query-input\":\"required name=search_term_string\"}],\"inLanguage\":\"es\"},{\"@type\":\"Organization\",\"@id\":\"https:\/\/oandgaccounting.com\/staging\/#organization\",\"name\":\"O&amp;G Tax and Accounting\",\"url\":\"https:\/\/oandgaccounting.com\/staging\/\",\"logo\":{\"@type\":\"ImageObject\",\"inLanguage\":\"es\",\"@id\":\"https:\/\/oandgaccounting.com\/staging\/#\/schema\/logo\/image\/\",\"url\":\"https:\/\/oandgaccounting.com\/staging\/wp-content\/uploads\/2019\/07\/logo.png\",\"contentUrl\":\"https:\/\/oandgaccounting.com\/staging\/wp-content\/uploads\/2019\/07\/logo.png\",\"width\":123,\"height\":74,\"caption\":\"O&amp;G Tax and Accounting\"},\"image\":{\"@id\":\"https:\/\/oandgaccounting.com\/staging\/#\/schema\/logo\/image\/\"}}]}<\/script>\n<!-- \/ Yoast SEO plugin. -->","yoast_head_json":{"title":"Investing in U.S. Markets as a Non-Resident Alien (NRA): FAQs on LLC Formation, Tax Filing, and Compliance - O&amp;G Tax and Accounting","robots":{"index":"index","follow":"follow","max-snippet":"max-snippet:-1","max-image-preview":"max-image-preview:large","max-video-preview":"max-video-preview:-1"},"canonical":"https:\/\/oandgaccounting.com\/staging\/es\/resources\/investing-in-u-s-markets-as-a-non-resident-alien-nra-faqs-on-llc-formation-tax-filing-and-compliance\/","og_locale":"es_ES","og_type":"article","og_title":"Investing in U.S. Markets as a Non-Resident Alien (NRA): FAQs on LLC Formation, Tax Filing, and Compliance - O&amp;G Tax and Accounting","og_description":"Non-Resident Aliens (NRAs) interested in investing in U.S. markets have several options for structuring their investments, from direct account setups to forming a Limited Liability Company (LLC). Each approach offers unique advantages and tax implications, which are critical to understand for maintaining compliance with U.S. federal tax laws. This FAQ guide provides answers to common &hellip; Continue reading \"Investing in U.S. Markets as a Non-Resident Alien (NRA): FAQs on LLC Formation, Tax Filing, and Compliance\"","og_url":"https:\/\/oandgaccounting.com\/staging\/es\/resources\/investing-in-u-s-markets-as-a-non-resident-alien-nra-faqs-on-llc-formation-tax-filing-and-compliance\/","og_site_name":"O&amp;G Tax and Accounting","article_modified_time":"2025-03-07T12:23:38+00:00","og_image":[{"width":1091,"height":1091,"url":"https:\/\/oandgaccounting.com\/staging\/wp-content\/uploads\/2024\/12\/llcnw.jpg","type":"image\/jpeg"}],"twitter_card":"summary_large_image","twitter_misc":{"Tiempo de lectura":"5 minutos"},"schema":{"@context":"https:\/\/schema.org","@graph":[{"@type":"WebPage","@id":"https:\/\/oandgaccounting.com\/staging\/resources\/investing-in-u-s-markets-as-a-non-resident-alien-nra-faqs-on-llc-formation-tax-filing-and-compliance\/","url":"https:\/\/oandgaccounting.com\/staging\/resources\/investing-in-u-s-markets-as-a-non-resident-alien-nra-faqs-on-llc-formation-tax-filing-and-compliance\/","name":"Investing in U.S. Markets as a Non-Resident Alien (NRA): FAQs on LLC Formation, Tax Filing, and Compliance - O&amp;G Tax and Accounting","isPartOf":{"@id":"https:\/\/oandgaccounting.com\/staging\/#website"},"datePublished":"2024-12-12T15:38:13+00:00","dateModified":"2025-03-07T12:23:38+00:00","breadcrumb":{"@id":"https:\/\/oandgaccounting.com\/staging\/resources\/investing-in-u-s-markets-as-a-non-resident-alien-nra-faqs-on-llc-formation-tax-filing-and-compliance\/#breadcrumb"},"inLanguage":"es","potentialAction":[{"@type":"ReadAction","target":["https:\/\/oandgaccounting.com\/staging\/resources\/investing-in-u-s-markets-as-a-non-resident-alien-nra-faqs-on-llc-formation-tax-filing-and-compliance\/"]}]},{"@type":"BreadcrumbList","@id":"https:\/\/oandgaccounting.com\/staging\/resources\/investing-in-u-s-markets-as-a-non-resident-alien-nra-faqs-on-llc-formation-tax-filing-and-compliance\/#breadcrumb","itemListElement":[{"@type":"ListItem","position":1,"name":"Resources","item":"https:\/\/oandgaccounting.com\/staging\/resources\/"},{"@type":"ListItem","position":2,"name":"Investing in U.S. Markets as a Non-Resident Alien (NRA): FAQs on LLC Formation, Tax Filing, and Compliance"}]},{"@type":"WebSite","@id":"https:\/\/oandgaccounting.com\/staging\/#website","url":"https:\/\/oandgaccounting.com\/staging\/","name":"O&amp;G Tax and Accounting","description":"","publisher":{"@id":"https:\/\/oandgaccounting.com\/staging\/#organization"},"potentialAction":[{"@type":"SearchAction","target":{"@type":"EntryPoint","urlTemplate":"https:\/\/oandgaccounting.com\/staging\/?s={search_term_string}"},"query-input":"required name=search_term_string"}],"inLanguage":"es"},{"@type":"Organization","@id":"https:\/\/oandgaccounting.com\/staging\/#organization","name":"O&amp;G Tax and Accounting","url":"https:\/\/oandgaccounting.com\/staging\/","logo":{"@type":"ImageObject","inLanguage":"es","@id":"https:\/\/oandgaccounting.com\/staging\/#\/schema\/logo\/image\/","url":"https:\/\/oandgaccounting.com\/staging\/wp-content\/uploads\/2019\/07\/logo.png","contentUrl":"https:\/\/oandgaccounting.com\/staging\/wp-content\/uploads\/2019\/07\/logo.png","width":123,"height":74,"caption":"O&amp;G Tax and Accounting"},"image":{"@id":"https:\/\/oandgaccounting.com\/staging\/#\/schema\/logo\/image\/"}}]}},"_links":{"self":[{"href":"https:\/\/oandgaccounting.com\/staging\/es\/wp-json\/wp\/v2\/pages\/6202"}],"collection":[{"href":"https:\/\/oandgaccounting.com\/staging\/es\/wp-json\/wp\/v2\/pages"}],"about":[{"href":"https:\/\/oandgaccounting.com\/staging\/es\/wp-json\/wp\/v2\/types\/page"}],"author":[{"embeddable":true,"href":"https:\/\/oandgaccounting.com\/staging\/es\/wp-json\/wp\/v2\/users\/1"}],"replies":[{"embeddable":true,"href":"https:\/\/oandgaccounting.com\/staging\/es\/wp-json\/wp\/v2\/comments?post=6202"}],"version-history":[{"count":4,"href":"https:\/\/oandgaccounting.com\/staging\/es\/wp-json\/wp\/v2\/pages\/6202\/revisions"}],"predecessor-version":[{"id":6338,"href":"https:\/\/oandgaccounting.com\/staging\/es\/wp-json\/wp\/v2\/pages\/6202\/revisions\/6338"}],"up":[{"embeddable":true,"href":"https:\/\/oandgaccounting.com\/staging\/es\/wp-json\/wp\/v2\/pages\/24"}],"wp:attachment":[{"href":"https:\/\/oandgaccounting.com\/staging\/es\/wp-json\/wp\/v2\/media?parent=6202"}],"curies":[{"name":"wp","href":"https:\/\/api.w.org\/{rel}","templated":true}]}}