{"id":6480,"date":"2025-08-25T08:14:28","date_gmt":"2025-08-25T08:14:28","guid":{"rendered":"https:\/\/oandgaccounting.com\/staging\/?page_id=6480"},"modified":"2025-08-30T18:47:07","modified_gmt":"2025-08-30T18:47:07","slug":"faq-for-non-resident-owners-of-us-single-member-llcs-taxes-filings-and-compliance","status":"publish","type":"page","link":"https:\/\/oandgaccounting.com\/staging\/es\/resources\/faq-for-non-resident-owners-of-us-single-member-llcs-taxes-filings-and-compliance\/","title":{"rendered":"Preguntas frecuentes para propietarios no residentes de LLC de un solo miembro en EE. UU.: impuestos, presentaciones y cumplimiento"},"content":{"rendered":"<div class=\"onefivequestion\">\n<div class=\"container py-4 text-left\">\n<p>Ser propietario de una <a href=\"https:\/\/www.irs.gov\/businesses\/small-businesses-self-employed\/single-member-limited-liability-companies\" rel=\"noopener\" target=\"_blank\">Sociedad de responsabilidad limitada (SMLLC) de un solo miembro de EE. UU.<\/a> como un <a href=\"https:\/\/www.irs.gov\/individuals\/international-taxpayers\/nonresident-aliens\" rel=\"noopener\" target=\"_blank\">extranjero no residente<\/a> o como un <a href=\"https:\/\/www.law.cornell.edu\/wex\/foreign_corporation\" rel=\"noopener\" target=\"_blank\">corporaci\u00f3n extranjera<\/a> Puede ser una forma eficiente de hacer negocios con clientes estadounidenses e internacionales. Sin embargo, muchos no residentes malinterpretan las normas. Incluso si nunca ha estado en EE. UU., su SMLLC a\u00fan est\u00e1 sujeta a requisitos de presentaci\u00f3n ante el IRS, y los errores pueden conllevar sanciones severas.<\/p>\n<p><strong>Estas preguntas frecuentes explican los aspectos esenciales para los propietarios no residentes:<\/strong><\/p>\n<ul>\n<li style=\"padding-bottom: 10px\">Si sus ingresos est\u00e1n sujetos a impuestos en los EE. UU. y cu\u00e1ndo<\/li>\n<li style=\"padding-bottom: 10px\">\u00bfQu\u00e9 declaraciones obligatorias se aplican (incluso si no debe impuestos)?<\/li>\n<li style=\"padding-bottom: 10px\">La diferencia entre la exposici\u00f3n fiscal federal y estatal<\/li>\n<li style=\"padding-bottom: 10px\">C\u00f3mo nuestra firma apoya a los propietarios extranjeros con la formaci\u00f3n, el cumplimiento y los recordatorios continuos<\/li>\n<li style=\"padding-bottom: 10px\">Lo que hacemos y lo que no hacemos por usted<\/li>\n<\/ul>\n<p><strong>Preguntas frecuentes<\/strong><\/p>\n<p><strong>P1. Soy extranjero no residente y tengo una sociedad de responsabilidad limitada (SMLLC) estadounidense. \u00bfDebo pagar impuestos federales sobre la renta de EE. UU.?<\/strong><\/p>\n<p>R: No, si todos los servicios se realizan fuera de los EE. UU. <a href=\"https:\/\/www.irs.gov\/individuals\/international-taxpayers\/source-of-income-personal-service-income\" rel=\"noopener\" target=\"_blank\">Reglas federales <\/a>Los ingresos por servicios se originan en el lugar donde se realiza el trabajo. Si nunca realiza trabajo en EE. UU., sus ingresos por servicios son de origen extranjero y no est\u00e1n sujetos a impuestos federales. Sin embargo, si presta servicios mientras est\u00e1 f\u00edsicamente presente en EE. UU., o si tiene una actividad comercial o empresarial en EE. UU., podr\u00edan aplicarse impuestos.<\/p>\n<p><strong>P2. \u00bfEsto cambia si la SMLLC es propiedad de una corporaci\u00f3n extranjera?<\/strong><\/p>\n<p><strong>R: El principio es el mismo: <a href=\"https:\/\/www.irs.gov\/individuals\/international-taxpayers\/nonresident-aliens-sourcing-of-income\" rel=\"noopener\" target=\"_blank\">Los ingresos por servicios se originan en el lugar donde se prestan los servicios.<\/a>. Pero las normas de cumplimiento son m\u00e1s estrictas: los propietarios corporativos extranjeros de peque\u00f1as y medianas empresas (SMLLC) estadounidenses tambi\u00e9n deben asegurarse de que <a href=\"https:\/\/www.irs.gov\/instructions\/i5472\" rel=\"noopener\" target=\"_blank\">Informe de partes relacionadas (Formulario 5472)<\/a> se hace correctamente.<\/strong><\/p>\n<p><strong>P3. \u00bfA\u00fan podr\u00eda deber impuestos estatales?<\/strong><\/p>\n<p>A: S\u00ed. Algunos estados, especialmente <a href=\"https:\/\/www.ftb.ca.gov\/tax-pros\/law\/regulatory-activity\/05182018-services.pdf\" rel=\"noopener\" target=\"_blank\">California, aplicar el abastecimiento basado en el mercado (ubicaci\u00f3n del cliente) en lugar del lugar de ejecuci\u00f3n<\/a>. Esto significa que incluso si no se deben impuestos federales, pueden aplicarse declaraciones o impuestos a nivel estatal.<\/p>\n<p><strong>P4. \u00bfQu\u00e9 son exactamente el Formulario 5472 y el formulario proforma 1120?<\/strong><\/p>\n<p>R: Para los propietarios no residentes de SMLLC, estas declaraciones son obligatorias ante el IRS. Revelan transacciones con partes relacionadas (por ejemplo, al financiar la LLC, retirar fondos u otorgar pr\u00e9stamos). La multa por presentaci\u00f3n tard\u00eda o falta de presentaci\u00f3n comienza en $25,000 al a\u00f1o.<\/p>\n<p><strong>P5. No debo impuestos federales. \u00bfAun as\u00ed necesito llevar la contabilidad?<\/strong><\/p>\n<p>R: Si su posici\u00f3n en los EE. UU. no implica obligaci\u00f3n tributaria, una hoja de c\u00e1lculo limpia m\u00e1s nuestro organizador suele ser suficiente para el Formulario 5472 + 1120. Pero si tiene exposici\u00f3n federal o estatal, requerimos <a href=\"https:\/\/oandgaccounting.com\/staging\/service-packages\/#monthly-bookkeeping-package\" rel=\"noopener\" target=\"_blank\">contabilidad profesional<\/a> para preparar presentaciones precisas.<\/p>\n<p><strong>P6. \u00bfContratar a un contador p\u00fablico estadounidense convierte a mi LLC en residente fiscal de EE. UU.?<\/strong><\/p>\n<p>A: No. Contratarnos no crea una <a href=\"https:\/\/www.irs.gov\/pub\/fatca\/int_practice_units\/TRE9450_06_02.pdf\" rel=\"noopener\" target=\"_blank\">establecimiento permanente u oficina en EE.UU.<\/a>. No proporcionamos una oficina virtual ni direcci\u00f3n comercial.<\/p>\n<p><strong>P7. \u00bfPueden abrirme una cuenta bancaria o comercial en EE. UU.?<\/strong><\/p>\n<p>R: No. Nosotros proporcionamos documentos de formaci\u00f3n y EIN; debe solicitarlos directamente a los bancos o fintechs (por ejemplo, Mercury, Relay o bancos tradicionales de EE. UU. si los visita en persona).<\/p>\n<p><strong>P8. \u00bfLos intereses bancarios en EE. UU. est\u00e1n sujetos a impuestos para m\u00ed como no residente?<\/strong><\/p>\n<p>A: No \u2013<a href=\"https:\/\/www.irs.gov\/individuals\/international-taxpayers\/nontaxable-types-of-interest-income-for-nonresident-aliens\" rel=\"noopener\" target=\"_blank\"> Los intereses de dep\u00f3sito pagados a no residentes est\u00e1n exentos del impuesto federal de EE. UU.<\/a>. Es posible que su pa\u00eds de origen a\u00fan le aplique impuestos.<\/p>\n<p><strong>P9. \u00bfTodos los ingresos de la LLC son autom\u00e1ticamente m\u00edos?<\/strong><\/p>\n<p>R: S\u00ed. A efectos fiscales, una SMLLC de propiedad extranjera no se considera. El IRS considera los ingresos y gastos directamente suyos (del propietario no residente o de la sociedad extranjera).<\/p>\n<p><strong>P10. \u00bfMe recordar\u00e1 las declaraciones que debo presentar cada a\u00f1o?<\/strong><\/p>\n<p>R: S\u00ed. Una vez que sea cliente, le enviaremos recordatorios anuales y le proporcionaremos el organizador para recopilar informaci\u00f3n para sus presentaciones.<\/p>\n<p><strong>P11. \u00bfC\u00f3mo se proporciona asesoramiento?<\/strong><\/p>\n<p>A: A trav\u00e9s de <a href=\"https:\/\/oandgaccounting.com\/staging\/appointment-booking-form\/\" rel=\"noopener\" target=\"_blank\">llamadas programadas (15, 30 o 60 minutos)<\/a>. No ofrecemos asesoramiento por correo electr\u00f3nico abierto. Todo lo necesario para completar una presentaci\u00f3n est\u00e1 incluido en la tarifa de la misma.<\/p>\n<p><strong>P12. \u00bfQu\u00e9 incluye su paquete de formaci\u00f3n?<\/strong><\/p>\n<p>A: Presentaci\u00f3n de art\u00edculos de organizaci\u00f3n, un acuerdo operativo estandarizado, carta de renuncia del organizador, asistencia para la solicitud de EIN y servicio de agente registrado durante el primer a\u00f1o.<\/p>\n<p><strong>Q13. \u00bfQu\u00e9 no est\u00e1 incluido?<\/strong><\/p>\n<p>R: La apertura de cuentas bancarias, los servicios de oficina virtual y el cumplimiento tributario de su pa\u00eds de origen est\u00e1n fuera de nuestro alcance.<\/p>\n<p><strong>Q14. \u00bfQu\u00e9 debo decirle antes de hacerlo?<\/strong><\/p>\n<p>A: Realizar trabajos en los EE. UU., contratar personal estadounidense, arrendar oficinas, almacenar inventario estadounidense, agregar miembros o aceptar clientes en <a href=\"https:\/\/www.ftb.ca.gov\/tax-pros\/law\/regulatory-activity\/05182018-services.pdf\" rel=\"noopener\" target=\"_blank\">California u otros estados de abastecimiento del mercado<\/a>.<\/p>\n<p><strong>Qu\u00e9 hacemos<\/strong><\/p>\n<ul>\n<li style=\"padding-bottom: 10px\">Forme su SMLLC de EE. UU. (Art\u00edculos, Acuerdo operativo, renuncia del organizador)<\/li>\n<li style=\"padding-bottom: 10px\">Solicita tu EIN<\/li>\n<li style=\"padding-bottom: 10px\">Proporcionar servicio de agente registrado durante el primer a\u00f1o<\/li>\n<li style=\"padding-bottom: 10px\">Preparar las declaraciones anuales ante el IRS (Formulario 5472 + pro forma 1120)<\/li>\n<li style=\"padding-bottom: 10px\">Manejar los archivos estatales si est\u00e1 involucrado<\/li>\n<li style=\"padding-bottom: 10px\">Ofrecer paquetes de contabilidad cuando sea necesario<\/li>\n<li style=\"padding-bottom: 10px\">Brindar asesoramiento mediante llamadas programadas<\/li>\n<li style=\"padding-bottom: 10px\">Enviar recordatorios de cumplimiento anualmente<\/li>\n<\/ul>\n<p><strong>Lo que no hacemos<\/strong><\/p>\n<ul>\n<li style=\"padding-bottom: 10px\">Abrir cuentas bancarias o comerciales<\/li>\n<li style=\"padding-bottom: 10px\">Proporcionar una oficina virtual o presencia fiscal en EE. UU.<\/li>\n<li style=\"padding-bottom: 10px\">Presente su declaraci\u00f3n de impuestos en su pa\u00eds de origen<\/li>\n<li style=\"padding-bottom: 10px\">Ofrecer consultor\u00eda por correo electr\u00f3nico ilimitada<\/li>\n<\/ul>\n<p>Para extranjeros no residentes y corporaciones extranjeras, una LLC estadounidense de un solo miembro puede ser un veh\u00edculo simple y eficaz para negocios internacionales, si se gestiona correctamente. Incluso cuando no se deben pagar impuestos federales, la obligaci\u00f3n de presentar... <a href=\"https:\/\/oandgaccounting.com\/staging\/single-member\/\" rel=\"noopener\" target=\"_blank\">Formulario 5472 + proforma 1120 r<\/a>Nos encargamos de la parte estadounidense (formaci\u00f3n, presentaciones, recordatorios y cumplimiento), mientras usted se coordina con un asesor local para los impuestos de su pa\u00eds de origen.<\/p>\n<\/p><\/div>\n<\/div>","protected":false},"excerpt":{"rendered":"<p>Owning a US single member LLC (SMLLC) as a non resident alien or as a foreign corporation can be an efficient way to do business with US and global clients. But many non residents misunderstand the rules. Even if you never set foot in the US, your SMLLC still comes with IRS filing requirements\u2014and mistakes &hellip; <a href=\"https:\/\/oandgaccounting.com\/staging\/es\/resources\/faq-for-non-resident-owners-of-us-single-member-llcs-taxes-filings-and-compliance\/\" class=\"more-link\">Continue reading<span class=\"screen-reader-text\"> &#8220;FAQ for Non Resident Owners of US Single Member LLCs \u2013 Taxes, Filings, and Compliance&#8221;<\/span><\/a><\/p>","protected":false},"author":1,"featured_media":0,"parent":24,"menu_order":0,"comment_status":"closed","ping_status":"closed","template":"default_withchat.php","meta":{"om_disable_all_campaigns":false,"_monsterinsights_skip_tracking":false,"_monsterinsights_sitenote_active":false,"_monsterinsights_sitenote_note":"","_monsterinsights_sitenote_category":0,"footnotes":""},"acf":[],"yoast_head":"<!-- This site is optimized with the Yoast SEO plugin v22.6 - https:\/\/yoast.com\/wordpress\/plugins\/seo\/ -->\n<title>FAQ for Non Resident Owners of US Single Member LLCs \u2013 Taxes, Filings, and Compliance - O&amp;G Tax and Accounting<\/title>\n<meta name=\"robots\" content=\"index, follow, max-snippet:-1, max-image-preview:large, max-video-preview:-1\" \/>\n<link rel=\"canonical\" href=\"https:\/\/oandgaccounting.com\/staging\/es\/resources\/faq-for-non-resident-owners-of-us-single-member-llcs-taxes-filings-and-compliance\/\" \/>\n<meta property=\"og:locale\" content=\"es_ES\" \/>\n<meta property=\"og:type\" content=\"article\" \/>\n<meta property=\"og:title\" content=\"FAQ for Non Resident Owners of US Single Member LLCs \u2013 Taxes, Filings, and Compliance - O&amp;G Tax and Accounting\" \/>\n<meta property=\"og:description\" content=\"Owning a US single member LLC (SMLLC) as a non resident alien or as a foreign corporation can be an efficient way to do business with US and global clients. But many non residents misunderstand the rules. Even if you never set foot in the US, your SMLLC still comes with IRS filing requirements\u2014and mistakes &hellip; Continue reading &quot;FAQ for Non Resident Owners of US Single Member LLCs \u2013 Taxes, Filings, and Compliance&quot;\" \/>\n<meta property=\"og:url\" content=\"https:\/\/oandgaccounting.com\/staging\/es\/resources\/faq-for-non-resident-owners-of-us-single-member-llcs-taxes-filings-and-compliance\/\" \/>\n<meta property=\"og:site_name\" content=\"O&amp;G Tax and Accounting\" \/>\n<meta property=\"article:modified_time\" content=\"2025-08-30T18:47:07+00:00\" \/>\n<meta property=\"og:image\" content=\"https:\/\/oandgaccounting.com\/staging\/wp-content\/uploads\/2025\/08\/llcnew.jpg\" \/>\n\t<meta property=\"og:image:width\" content=\"925\" \/>\n\t<meta property=\"og:image:height\" content=\"925\" \/>\n\t<meta property=\"og:image:type\" content=\"image\/jpeg\" \/>\n<meta name=\"twitter:card\" content=\"summary_large_image\" \/>\n<meta name=\"twitter:label1\" content=\"Tiempo de lectura\" \/>\n\t<meta name=\"twitter:data1\" content=\"4 minutos\" \/>\n<script type=\"application\/ld+json\" class=\"yoast-schema-graph\">{\"@context\":\"https:\/\/schema.org\",\"@graph\":[{\"@type\":\"WebPage\",\"@id\":\"https:\/\/oandgaccounting.com\/staging\/resources\/faq-for-non-resident-owners-of-us-single-member-llcs-taxes-filings-and-compliance\/\",\"url\":\"https:\/\/oandgaccounting.com\/staging\/resources\/faq-for-non-resident-owners-of-us-single-member-llcs-taxes-filings-and-compliance\/\",\"name\":\"FAQ for Non Resident Owners of US Single Member LLCs \u2013 Taxes, Filings, and Compliance - O&amp;G Tax and Accounting\",\"isPartOf\":{\"@id\":\"https:\/\/oandgaccounting.com\/staging\/#website\"},\"datePublished\":\"2025-08-25T08:14:28+00:00\",\"dateModified\":\"2025-08-30T18:47:07+00:00\",\"breadcrumb\":{\"@id\":\"https:\/\/oandgaccounting.com\/staging\/resources\/faq-for-non-resident-owners-of-us-single-member-llcs-taxes-filings-and-compliance\/#breadcrumb\"},\"inLanguage\":\"es\",\"potentialAction\":[{\"@type\":\"ReadAction\",\"target\":[\"https:\/\/oandgaccounting.com\/staging\/resources\/faq-for-non-resident-owners-of-us-single-member-llcs-taxes-filings-and-compliance\/\"]}]},{\"@type\":\"BreadcrumbList\",\"@id\":\"https:\/\/oandgaccounting.com\/staging\/resources\/faq-for-non-resident-owners-of-us-single-member-llcs-taxes-filings-and-compliance\/#breadcrumb\",\"itemListElement\":[{\"@type\":\"ListItem\",\"position\":1,\"name\":\"Resources\",\"item\":\"https:\/\/oandgaccounting.com\/staging\/resources\/\"},{\"@type\":\"ListItem\",\"position\":2,\"name\":\"FAQ for Non Resident Owners of US Single Member LLCs \u2013 Taxes, Filings, and Compliance\"}]},{\"@type\":\"WebSite\",\"@id\":\"https:\/\/oandgaccounting.com\/staging\/#website\",\"url\":\"https:\/\/oandgaccounting.com\/staging\/\",\"name\":\"O&amp;G Tax and Accounting\",\"description\":\"\",\"publisher\":{\"@id\":\"https:\/\/oandgaccounting.com\/staging\/#organization\"},\"potentialAction\":[{\"@type\":\"SearchAction\",\"target\":{\"@type\":\"EntryPoint\",\"urlTemplate\":\"https:\/\/oandgaccounting.com\/staging\/?s={search_term_string}\"},\"query-input\":\"required name=search_term_string\"}],\"inLanguage\":\"es\"},{\"@type\":\"Organization\",\"@id\":\"https:\/\/oandgaccounting.com\/staging\/#organization\",\"name\":\"O&amp;G Tax and Accounting\",\"url\":\"https:\/\/oandgaccounting.com\/staging\/\",\"logo\":{\"@type\":\"ImageObject\",\"inLanguage\":\"es\",\"@id\":\"https:\/\/oandgaccounting.com\/staging\/#\/schema\/logo\/image\/\",\"url\":\"https:\/\/oandgaccounting.com\/staging\/wp-content\/uploads\/2019\/07\/logo.png\",\"contentUrl\":\"https:\/\/oandgaccounting.com\/staging\/wp-content\/uploads\/2019\/07\/logo.png\",\"width\":123,\"height\":74,\"caption\":\"O&amp;G Tax and Accounting\"},\"image\":{\"@id\":\"https:\/\/oandgaccounting.com\/staging\/#\/schema\/logo\/image\/\"}}]}<\/script>\n<!-- \/ Yoast SEO plugin. -->","yoast_head_json":{"title":"FAQ for Non Resident Owners of US Single Member LLCs \u2013 Taxes, Filings, and Compliance - O&amp;G Tax and Accounting","robots":{"index":"index","follow":"follow","max-snippet":"max-snippet:-1","max-image-preview":"max-image-preview:large","max-video-preview":"max-video-preview:-1"},"canonical":"https:\/\/oandgaccounting.com\/staging\/es\/resources\/faq-for-non-resident-owners-of-us-single-member-llcs-taxes-filings-and-compliance\/","og_locale":"es_ES","og_type":"article","og_title":"FAQ for Non Resident Owners of US Single Member LLCs \u2013 Taxes, Filings, and Compliance - O&amp;G Tax and Accounting","og_description":"Owning a US single member LLC (SMLLC) as a non resident alien or as a foreign corporation can be an efficient way to do business with US and global clients. But many non residents misunderstand the rules. Even if you never set foot in the US, your SMLLC still comes with IRS filing requirements\u2014and mistakes &hellip; Continue reading \"FAQ for Non Resident Owners of US Single Member LLCs \u2013 Taxes, Filings, and Compliance\"","og_url":"https:\/\/oandgaccounting.com\/staging\/es\/resources\/faq-for-non-resident-owners-of-us-single-member-llcs-taxes-filings-and-compliance\/","og_site_name":"O&amp;G Tax and Accounting","article_modified_time":"2025-08-30T18:47:07+00:00","og_image":[{"width":925,"height":925,"url":"https:\/\/oandgaccounting.com\/staging\/wp-content\/uploads\/2025\/08\/llcnew.jpg","type":"image\/jpeg"}],"twitter_card":"summary_large_image","twitter_misc":{"Tiempo de lectura":"4 minutos"},"schema":{"@context":"https:\/\/schema.org","@graph":[{"@type":"WebPage","@id":"https:\/\/oandgaccounting.com\/staging\/resources\/faq-for-non-resident-owners-of-us-single-member-llcs-taxes-filings-and-compliance\/","url":"https:\/\/oandgaccounting.com\/staging\/resources\/faq-for-non-resident-owners-of-us-single-member-llcs-taxes-filings-and-compliance\/","name":"FAQ for Non Resident Owners of US Single Member LLCs \u2013 Taxes, Filings, and Compliance - O&amp;G Tax and Accounting","isPartOf":{"@id":"https:\/\/oandgaccounting.com\/staging\/#website"},"datePublished":"2025-08-25T08:14:28+00:00","dateModified":"2025-08-30T18:47:07+00:00","breadcrumb":{"@id":"https:\/\/oandgaccounting.com\/staging\/resources\/faq-for-non-resident-owners-of-us-single-member-llcs-taxes-filings-and-compliance\/#breadcrumb"},"inLanguage":"es","potentialAction":[{"@type":"ReadAction","target":["https:\/\/oandgaccounting.com\/staging\/resources\/faq-for-non-resident-owners-of-us-single-member-llcs-taxes-filings-and-compliance\/"]}]},{"@type":"BreadcrumbList","@id":"https:\/\/oandgaccounting.com\/staging\/resources\/faq-for-non-resident-owners-of-us-single-member-llcs-taxes-filings-and-compliance\/#breadcrumb","itemListElement":[{"@type":"ListItem","position":1,"name":"Resources","item":"https:\/\/oandgaccounting.com\/staging\/resources\/"},{"@type":"ListItem","position":2,"name":"FAQ for Non Resident Owners of US Single Member LLCs \u2013 Taxes, Filings, and Compliance"}]},{"@type":"WebSite","@id":"https:\/\/oandgaccounting.com\/staging\/#website","url":"https:\/\/oandgaccounting.com\/staging\/","name":"O&amp;G Tax and Accounting","description":"","publisher":{"@id":"https:\/\/oandgaccounting.com\/staging\/#organization"},"potentialAction":[{"@type":"SearchAction","target":{"@type":"EntryPoint","urlTemplate":"https:\/\/oandgaccounting.com\/staging\/?s={search_term_string}"},"query-input":"required name=search_term_string"}],"inLanguage":"es"},{"@type":"Organization","@id":"https:\/\/oandgaccounting.com\/staging\/#organization","name":"O&amp;G Tax and Accounting","url":"https:\/\/oandgaccounting.com\/staging\/","logo":{"@type":"ImageObject","inLanguage":"es","@id":"https:\/\/oandgaccounting.com\/staging\/#\/schema\/logo\/image\/","url":"https:\/\/oandgaccounting.com\/staging\/wp-content\/uploads\/2019\/07\/logo.png","contentUrl":"https:\/\/oandgaccounting.com\/staging\/wp-content\/uploads\/2019\/07\/logo.png","width":123,"height":74,"caption":"O&amp;G Tax and Accounting"},"image":{"@id":"https:\/\/oandgaccounting.com\/staging\/#\/schema\/logo\/image\/"}}]}},"_links":{"self":[{"href":"https:\/\/oandgaccounting.com\/staging\/es\/wp-json\/wp\/v2\/pages\/6480"}],"collection":[{"href":"https:\/\/oandgaccounting.com\/staging\/es\/wp-json\/wp\/v2\/pages"}],"about":[{"href":"https:\/\/oandgaccounting.com\/staging\/es\/wp-json\/wp\/v2\/types\/page"}],"author":[{"embeddable":true,"href":"https:\/\/oandgaccounting.com\/staging\/es\/wp-json\/wp\/v2\/users\/1"}],"replies":[{"embeddable":true,"href":"https:\/\/oandgaccounting.com\/staging\/es\/wp-json\/wp\/v2\/comments?post=6480"}],"version-history":[{"count":3,"href":"https:\/\/oandgaccounting.com\/staging\/es\/wp-json\/wp\/v2\/pages\/6480\/revisions"}],"predecessor-version":[{"id":6492,"href":"https:\/\/oandgaccounting.com\/staging\/es\/wp-json\/wp\/v2\/pages\/6480\/revisions\/6492"}],"up":[{"embeddable":true,"href":"https:\/\/oandgaccounting.com\/staging\/es\/wp-json\/wp\/v2\/pages\/24"}],"wp:attachment":[{"href":"https:\/\/oandgaccounting.com\/staging\/es\/wp-json\/wp\/v2\/media?parent=6480"}],"curies":[{"name":"wp","href":"https:\/\/api.w.org\/{rel}","templated":true}]}}