{"id":6507,"date":"2025-10-08T07:13:43","date_gmt":"2025-10-08T07:13:43","guid":{"rendered":"https:\/\/oandgaccounting.com\/staging\/?page_id=6507"},"modified":"2025-10-08T07:13:43","modified_gmt":"2025-10-08T07:13:43","slug":"u-s-taxes-for-non-resident-owners-of-single-member-llcs","status":"publish","type":"page","link":"https:\/\/oandgaccounting.com\/staging\/es\/resources\/u-s-taxes-for-non-resident-owners-of-single-member-llcs\/","title":{"rendered":"Impuestos en EE. UU. para propietarios no residentes de sociedades de responsabilidad limitada (LLC) unipersonales"},"content":{"rendered":"<div class=\"onefivequestion\">\n<div class=\"container py-4 text-left\">\n<p><strong>Impuestos en EE. UU. para propietarios no residentes de sociedades de responsabilidad limitada (LLC) unipersonales (servicios, consultor\u00eda y trabajo independiente)<\/strong><\/p>\n<ul>\n<li><strong>Para qui\u00e9n es esto:<\/strong> Personas f\u00edsicas no estadounidenses que viven en el extranjero (por ejemplo, Espa\u00f1a) que poseen (o planean formar) una LLC de un solo miembro estadounidense (SMLLC) para facturar a clientes (estadounidenses o extranjeros) por servicios como TI, operaciones en la nube, dise\u00f1o, desarrollo, consultor\u00eda, etc.<\/li>\n<li><strong>Por qu\u00e9 esto es importante:<\/strong> El hecho de tener clientes o una cuenta bancaria en EE. UU. no es la cuesti\u00f3n clave. La pregunta clave es si sus ingresos est\u00e1n sujetos a impuestos en EE. UU. (es decir, Ingresos Efectivamente Conectados, &quot;ECI&quot;) y qu\u00e9 declaraciones debe presentar su SMLLC cada a\u00f1o. Estas preguntas frecuentes explican los pasos a seguir en un lenguaje sencillo y aclaran lo que hace y no hace nuestra firma.<\/li>\n<\/ul><\/div>\n<\/div>\n<div class=\"onefivequestion\">\n<div class=\"container py-4 text-left\">\n<p><strong>1) Si vivo y trabajo fuera de los EE. UU., \u00bfdebo pagar impuestos federales sobre la renta de mis ingresos por servicios?<\/strong><\/p>\n<ul>\n<li>Generalmente no. Los ingresos por servicios generalmente se originan en el lugar donde se prestan los servicios. Si realiza el trabajo completamente fuera de EE. UU., no tiene oficina, empleados ni agentes dependientes en EE. UU., y no viaja a EE. UU. para realizar el trabajo, sus ingresos generalmente no son ECI ni tributables a nivel federal.<\/li>\n<li><strong>Precauci\u00f3n:<\/strong> Los hechos pueden cambiar el resultado, por ejemplo, trabajar estando f\u00edsicamente en EE. UU., contratar personal o agentes radicados en EE. UU. o mantener una oficina en EE. UU.<\/li>\n<\/ul><\/div>\n<\/div>\n<div class=\"onefivequestion\">\n<div class=\"container py-4 text-left\">\n<p><strong>2) Mi SMLLC est\u00e1 &quot;desestimada&quot;. \u00bfA\u00fan tengo que presentar alguna declaraci\u00f3n en EE. UU.?<\/strong><\/p>\n<ul>\n<li>S\u00ed. Una sociedad de responsabilidad limitada empresarial (SMLLC) de propiedad extranjera debe presentar anualmente el Formulario 5472 + la proforma 1120 (una declaraci\u00f3n informativa, no una declaraci\u00f3n de impuestos sobre la renta). En este formulario se informan las transacciones con partes relacionadas (dinero que ingresa\/retira, saldos con el propietario).<\/li>\n<li><strong>Fecha de vencimiento:<\/strong> Generalmente el 15 de abril para entidades de a\u00f1o calendario; extender con el Formulario 7004.<\/li>\n<li><strong>Pena:<\/strong> M\u00e1s de $25,000 por presentaciones tard\u00edas, faltantes o incompletas. Este es el incumplimiento m\u00e1s com\u00fan (y costoso) para las peque\u00f1as y medianas empresas (SMLLC) extranjeras.<\/li>\n<\/ul><\/div>\n<\/div>\n<div class=\"onefivequestion\">\n<div class=\"container py-4 text-left\">\n<p><strong>3) \u00bfDebo presentar una declaraci\u00f3n de impuestos personal en los Estados Unidos (formulario 1040-NR)?<\/strong><\/p>\n<ul>\n<li>Si no tuvo ingresos tributables en los EE. UU. (no ECI), generalmente no se requiere una declaraci\u00f3n personal en los EE. UU.<\/li>\n<li>Si alguna parte de sus servicios se realiz\u00f3 mientras se encontraba en los EE. UU., generalmente presenta el Formulario 1040-NR y paga impuestos en los EE. UU. sobre esa parte de fuente estadounidense.<\/li>\n<\/ul><\/div>\n<\/div>\n<div class=\"onefivequestion\">\n<div class=\"container py-4 text-left\">\n<p><strong>4) \u00bfCu\u00e1l es la diferencia entre el Formulario 5472 y el Formulario 1065?<\/strong><\/p>\n<ul>\n<li>Propietario \u00fanico (SMLLC, valor predeterminado ignorado): 5472 + pro forma 1120 (declaraci\u00f3n de informaci\u00f3n).<\/li>\n<li>Dos o m\u00e1s propietarios (sociedad): Formulario 1065 con K-1\/K-2\/K-3 (no 5472).<\/li>\n<li>Si elige gravar la LLC como una corporaci\u00f3n, el r\u00e9gimen de presentaci\u00f3n cambia en consecuencia.<\/li>\n<\/ul><\/div>\n<\/div>\n<div class=\"onefivequestion\">\n<div class=\"container py-4 text-left\">\n<p><strong>5) \u00bfLos clientes estadounidenses, una cuenta bancaria estadounidense o la facturaci\u00f3n en USD generan impuestos federales estadounidenses?<\/strong><\/p>\n<ul>\n<li>No, no por s\u00ed solas. Estas ventajas no generan autom\u00e1ticamente ingresos gravables en EE. UU. Los factores clave son d\u00f3nde presta sus servicios y si ha creado una empresa o negocio en EE. UU. (oficina, personal, agentes en EE. UU. o si usted trabaja all\u00ed personalmente).<\/li>\n<\/ul><\/div>\n<\/div>\n<div class=\"onefivequestion\">\n<div class=\"container py-4 text-left\">\n<p><strong>6) Me dijeron que buscara un &quot;agente registrado&quot;. \u00bfSon ellos quienes presentan mis declaraciones de impuestos?<\/strong><\/p>\n<ul>\n<li>Generalmente no. Un agente registrado mantiene a su empresa al d\u00eda a nivel estatal y recibe la correspondencia oficial. Normalmente no preparan declaraciones de impuestos federales ni declaraciones informativas a menos que usted los contrate por separado (o a su contador p\u00fablico afiliado) para ese servicio. La buena reputaci\u00f3n estatal \u2260 cumplimiento con el IRS.<\/li>\n<\/ul><\/div>\n<\/div>\n<div class=\"onefivequestion\">\n<div class=\"container py-4 text-left\">\n<p><strong>7) No present\u00e9 la declaraci\u00f3n 5472 del a\u00f1o anterior. \u00bfQu\u00e9 hago ahora?<\/strong><\/p>\n<ul>\n<li>Cumpla con las normas: prepare y presente las declaraciones 5472 + pro forma 1120 faltantes.<\/li>\n<li>Si se imponen sanciones, podemos solicitar una compensaci\u00f3n o reducci\u00f3n por causa razonable. El IRS generalmente emite avisos antes del cobro; responda con prontitud y profesionalismo.<\/li>\n<\/ul><\/div>\n<\/div>\n<div class=\"onefivequestion\">\n<div class=\"container py-4 text-left\">\n<p><strong>8) \u00bfUn tratado fiscal limita mi impuesto en EE. UU. a un l\u00edmite fijo de 5-15%?<\/strong><\/p>\n<ul>\n<li>Las tasas de dividendos del tratado se aplican a los dividendos corporativos, no a las distribuciones de un propietario de una SMLLC.<\/li>\n<li>Para los ingresos por servicios, los tratados suelen exigir un establecimiento permanente (EP) antes de que EE. UU. pueda gravar las ganancias empresariales. Si realiza todo su trabajo en el extranjero y no mantiene un EP en EE. UU., generalmente no se aplican impuestos federales estadounidenses sobre sus ingresos por servicios.<\/li>\n<\/ul><\/div>\n<\/div>\n<div class=\"onefivequestion\">\n<div class=\"container py-4 text-left\">\n<p><strong>9) \u00bfDebo preocuparme por los ingresos del FDAP (intereses, dividendos, regal\u00edas)?<\/strong><\/p>\n<ul>\n<li>Los ingresos FDAP (pasivos) tienen normas de retenci\u00f3n\/contrato independientes en EE. UU. y son distintos de los ingresos por servicios activos. Marcaremos los ingresos FDAP si son relevantes para usted.<\/li>\n<\/ul><\/div>\n<\/div>\n<div class=\"onefivequestion\">\n<div class=\"container py-4 text-left\">\n<p><strong>10) \u00bfQu\u00e9 estado debo elegir para la formaci\u00f3n?<\/strong><\/p>\n<ul>\n<li>Para los proveedores de servicios individuales no residentes, la decisi\u00f3n suele centrarse en el costo anual de mantenimiento y administraci\u00f3n, no en una marca &quot;libre de impuestos&quot;. La constituci\u00f3n de una LLC estatal no genera, por s\u00ed sola, impuestos federales en EE. UU.<\/li>\n<\/ul><\/div>\n<\/div>\n<div class=\"onefivequestion\">\n<div class=\"container py-4 text-left\">\n<p><strong>11) \u00bfQu\u00e9 otras presentaciones podr\u00edan aplicarse adem\u00e1s de los formularios del IRS?<\/strong><\/p>\n<ul>\n<li>Pueden aplicarse ciertas licencias\/renovaciones comerciales estatales, seg\u00fan el estado de formaci\u00f3n.<\/li>\n<\/ul><\/div>\n<\/div>\n<div class=\"onefivequestion\">\n<div class=\"container py-4 text-left\">\n<p><strong>12) \u00bfQu\u00e9 cambios probablemente har\u00edan que mis ingresos estuvieran sujetos a impuestos en Estados Unidos?<\/strong><\/p>\n<ul>\n<li>Prestaci\u00f3n de servicios mientras se encuentra f\u00edsicamente en los EE. UU.<\/li>\n<li>Contratar empleados estadounidenses o designar agentes dependientes para solicitar o concluir contratos<\/li>\n<li>Mantener una oficina o lugar fijo de negocios en EE. UU.<\/li>\n<\/ul><\/div>\n<\/div>\n<div class=\"onefivequestion\">\n<div class=\"container py-4 text-left\">\n<p><strong>Lista de verificaci\u00f3n de cumplimiento anual (sociedades peque\u00f1as y medianas de propiedad extranjera)<\/strong><\/p>\n<ul>\n<li>Formulario 5472 + proforma 1120 (fecha de vencimiento: 15 de abril; extender con el Formulario 7004)<\/li>\n<li>Contabilidad precisa que captura las contribuciones\/distribuciones de los propietarios y los saldos entre empresas.<\/li>\n<li>W-8BEN (seg\u00fan lo solicitado por los pagadores\/plataformas de EE. UU.)<\/li>\n<li>Formulario 1040-NR solo si tuvo ingresos tributables en EE. UU. (por ejemplo, servicios prestados en EE. UU.)<\/li>\n<\/ul><\/div>\n<\/div>\n<div class=\"onefivequestion\">\n<div class=\"container py-4 text-left\">\n<p><strong>C\u00f3mo trabajamos (Alcance, compromisos y niveles de servicio)<\/strong><\/p>\n<ul>\n<li><strong>Paquete de Formaci\u00f3n (opcional)<\/strong><\/li>\n<li>Formaci\u00f3n de LLC ante el estado (tarifas de presentaci\u00f3n incluidas)<\/li>\n<li>Acuerdo operativo<\/li>\n<li>Adquisici\u00f3n de EIN<\/li>\n<li>Agente Registrado \u2013 A\u00f1o 1 incluido (renovable posteriormente)<\/li>\n<li><strong>Cumplimiento y asesoramiento<\/strong><\/li>\n<li>Declaraci\u00f3n de informaci\u00f3n de SMLLC: Formulario 5472 + pro forma 1120 (anual; tarifa fija; consulte el sitio web; tarifas sujetas a cambios)<\/li>\n<li>Libros y cierres mensuales: configuraci\u00f3n de QuickBooks, acceso a banco\/plataforma (por ejemplo, Mercury), categorizaci\u00f3n, estados financieros<\/li>\n<li>Asesoramiento de guardia: consultas de 15\/30\/60 minutos para determinaciones de ECI\/PE, preguntas sobre tratados, remediaci\u00f3n de presentaciones omitidas y configuraci\u00f3n de procesos<\/li>\n<li><strong>Lo que no hacemos<\/strong><\/li>\n<li>Abrir cuentas bancarias\/comerciales o proporcionar una oficina virtual<\/li>\n<li>Actuar como sus empleados\/agentes en EE. UU. o crear un establecimiento permanente<\/li>\n<li>Prepare sus declaraciones de impuestos de su pa\u00eds de origen<\/li>\n<li>Manejar internamente las presentaciones recurrentes de impuestos estatales sobre las ventas (lo ayudaremos a automatizarlas si vende bienes o servicios sujetos a impuestos)<\/li>\n<li><strong>Conceptos b\u00e1sicos de la incorporaci\u00f3n<\/strong><\/li>\n<li>Elija el estado de formaci\u00f3n y el nombre legal<\/li>\n<li>Presentamos la constituci\u00f3n, redactamos el acuerdo operativo, obtenemos el EIN y configuramos el agente registrado.<\/li>\n<li>Suscr\u00edbete a QuickBooks Online (Plus) y otorga acceso al contador (y a tu banco\/plataformas)<\/li>\n<li>Configuramos el seguimiento de transacciones del propietario para cumplir con la norma 5472 y estar listo para auditor\u00edas.<\/li>\n<\/ul><\/div>\n<\/div>\n<div class=\"onefivequestion\">\n<div class=\"container py-4 text-left\">\n<p><strong>Resumen de se\u00f1ales de alerta (ev\u00edtelas si desea mantenerse fuera del pago de impuestos en EE. UU.)<\/strong><\/p>\n<ul>\n<li>Realizar su trabajo desde suelo estadounidense (incluso los viajes cortos cuentan)<\/li>\n<li>Personal\/agentes estadounidenses que solicitan o concluyen contratos regularmente para usted<\/li>\n<li>Una oficina en EE. UU. u otro lugar fijo de negocios<\/li>\n<\/ul><\/div>\n<\/div>\n<div class=\"onefivequestion\">\n<div class=\"container py-4 text-left\">\n<p>Si usted es un no residente que presta todos sus servicios desde el extranjero y no tiene presencia en EE. UU., a menudo no paga impuestos federales sobre la renta de EE. UU. sobre las ganancias por dichos servicios. Sin embargo, su SMLLC de propiedad extranjera a\u00fan debe presentar el Formulario 5472 + el formulario proforma 1120 cada a\u00f1o, y debe mantener una contabilidad limpia, especialmente el registro del dinero que aporta o retira. Conozca la diferencia entre un agente registrado (cumplimiento estatal) y un contador p\u00fablico certificado (presentaciones ante el IRS). En caso de duda, o antes de que cambie su informaci\u00f3n, cont\u00e1ctenos primero para que podamos mantenerlo limpio, simple y en cumplimiento.<\/p>\n<\/p><\/div>\n<\/div>","protected":false},"excerpt":{"rendered":"<p>U.S. Taxes for Non-Resident Owners of Single-Member LLCs (Services, Consulting &#038; Freelancing) Who this is for: Non-U.S. individuals living abroad (e.g., Spain) who own\u2014or plan to form\u2014a U.S. single-member LLC (SMLLC) to bill clients (U.S. or foreign) for services such as IT, cloud ops, design, development, consulting, etc. Why this matters: Whether you have U.S. &hellip; <a href=\"https:\/\/oandgaccounting.com\/staging\/es\/resources\/u-s-taxes-for-non-resident-owners-of-single-member-llcs\/\" class=\"more-link\">Continue reading<span class=\"screen-reader-text\"> &#8220;U.S. Taxes for Non-Resident Owners of Single-Member LLCs&#8221;<\/span><\/a><\/p>","protected":false},"author":1,"featured_media":0,"parent":24,"menu_order":0,"comment_status":"closed","ping_status":"closed","template":"default_withchat.php","meta":{"om_disable_all_campaigns":false,"_monsterinsights_skip_tracking":false,"_monsterinsights_sitenote_active":false,"_monsterinsights_sitenote_note":"","_monsterinsights_sitenote_category":0,"footnotes":""},"acf":[],"yoast_head":"<!-- This site is optimized with the Yoast SEO plugin v22.6 - https:\/\/yoast.com\/wordpress\/plugins\/seo\/ -->\n<title>U.S. Taxes for Non-Resident Owners of Single-Member LLCs - O&amp;G Tax and Accounting<\/title>\n<meta name=\"robots\" content=\"index, follow, max-snippet:-1, max-image-preview:large, max-video-preview:-1\" \/>\n<link rel=\"canonical\" href=\"https:\/\/oandgaccounting.com\/staging\/es\/resources\/u-s-taxes-for-non-resident-owners-of-single-member-llcs\/\" \/>\n<meta property=\"og:locale\" content=\"es_ES\" \/>\n<meta property=\"og:type\" content=\"article\" \/>\n<meta property=\"og:title\" content=\"U.S. Taxes for Non-Resident Owners of Single-Member LLCs - O&amp;G Tax and Accounting\" \/>\n<meta property=\"og:description\" content=\"U.S. Taxes for Non-Resident Owners of Single-Member LLCs (Services, Consulting &#038; Freelancing) Who this is for: Non-U.S. individuals living abroad (e.g., Spain) who own\u2014or plan to form\u2014a U.S. single-member LLC (SMLLC) to bill clients (U.S. or foreign) for services such as IT, cloud ops, design, development, consulting, etc. Why this matters: Whether you have U.S. &hellip; Continue reading &quot;U.S. Taxes for Non-Resident Owners of Single-Member LLCs&quot;\" \/>\n<meta property=\"og:url\" content=\"https:\/\/oandgaccounting.com\/staging\/es\/resources\/u-s-taxes-for-non-resident-owners-of-single-member-llcs\/\" \/>\n<meta property=\"og:site_name\" content=\"O&amp;G Tax and Accounting\" \/>\n<meta property=\"og:image\" content=\"https:\/\/oandgaccounting.com\/staging\/wp-content\/uploads\/2025\/10\/llc1.jpg\" \/>\n\t<meta property=\"og:image:width\" content=\"624\" \/>\n\t<meta property=\"og:image:height\" content=\"416\" \/>\n\t<meta property=\"og:image:type\" content=\"image\/jpeg\" \/>\n<meta name=\"twitter:card\" content=\"summary_large_image\" \/>\n<meta name=\"twitter:label1\" content=\"Tiempo de lectura\" \/>\n\t<meta name=\"twitter:data1\" content=\"5 minutos\" \/>\n<script type=\"application\/ld+json\" class=\"yoast-schema-graph\">{\"@context\":\"https:\/\/schema.org\",\"@graph\":[{\"@type\":\"WebPage\",\"@id\":\"https:\/\/oandgaccounting.com\/staging\/resources\/u-s-taxes-for-non-resident-owners-of-single-member-llcs\/\",\"url\":\"https:\/\/oandgaccounting.com\/staging\/resources\/u-s-taxes-for-non-resident-owners-of-single-member-llcs\/\",\"name\":\"U.S. Taxes for Non-Resident Owners of Single-Member LLCs - O&amp;G Tax and Accounting\",\"isPartOf\":{\"@id\":\"https:\/\/oandgaccounting.com\/staging\/#website\"},\"datePublished\":\"2025-10-08T07:13:43+00:00\",\"dateModified\":\"2025-10-08T07:13:43+00:00\",\"breadcrumb\":{\"@id\":\"https:\/\/oandgaccounting.com\/staging\/resources\/u-s-taxes-for-non-resident-owners-of-single-member-llcs\/#breadcrumb\"},\"inLanguage\":\"es\",\"potentialAction\":[{\"@type\":\"ReadAction\",\"target\":[\"https:\/\/oandgaccounting.com\/staging\/resources\/u-s-taxes-for-non-resident-owners-of-single-member-llcs\/\"]}]},{\"@type\":\"BreadcrumbList\",\"@id\":\"https:\/\/oandgaccounting.com\/staging\/resources\/u-s-taxes-for-non-resident-owners-of-single-member-llcs\/#breadcrumb\",\"itemListElement\":[{\"@type\":\"ListItem\",\"position\":1,\"name\":\"Resources\",\"item\":\"https:\/\/oandgaccounting.com\/staging\/resources\/\"},{\"@type\":\"ListItem\",\"position\":2,\"name\":\"U.S. Taxes for Non-Resident Owners of Single-Member LLCs\"}]},{\"@type\":\"WebSite\",\"@id\":\"https:\/\/oandgaccounting.com\/staging\/#website\",\"url\":\"https:\/\/oandgaccounting.com\/staging\/\",\"name\":\"O&amp;G Tax and Accounting\",\"description\":\"\",\"publisher\":{\"@id\":\"https:\/\/oandgaccounting.com\/staging\/#organization\"},\"potentialAction\":[{\"@type\":\"SearchAction\",\"target\":{\"@type\":\"EntryPoint\",\"urlTemplate\":\"https:\/\/oandgaccounting.com\/staging\/?s={search_term_string}\"},\"query-input\":\"required name=search_term_string\"}],\"inLanguage\":\"es\"},{\"@type\":\"Organization\",\"@id\":\"https:\/\/oandgaccounting.com\/staging\/#organization\",\"name\":\"O&amp;G Tax and Accounting\",\"url\":\"https:\/\/oandgaccounting.com\/staging\/\",\"logo\":{\"@type\":\"ImageObject\",\"inLanguage\":\"es\",\"@id\":\"https:\/\/oandgaccounting.com\/staging\/#\/schema\/logo\/image\/\",\"url\":\"https:\/\/oandgaccounting.com\/staging\/wp-content\/uploads\/2019\/07\/logo.png\",\"contentUrl\":\"https:\/\/oandgaccounting.com\/staging\/wp-content\/uploads\/2019\/07\/logo.png\",\"width\":123,\"height\":74,\"caption\":\"O&amp;G Tax and Accounting\"},\"image\":{\"@id\":\"https:\/\/oandgaccounting.com\/staging\/#\/schema\/logo\/image\/\"}}]}<\/script>\n<!-- \/ Yoast SEO plugin. -->","yoast_head_json":{"title":"U.S. Taxes for Non-Resident Owners of Single-Member LLCs - O&amp;G Tax and Accounting","robots":{"index":"index","follow":"follow","max-snippet":"max-snippet:-1","max-image-preview":"max-image-preview:large","max-video-preview":"max-video-preview:-1"},"canonical":"https:\/\/oandgaccounting.com\/staging\/es\/resources\/u-s-taxes-for-non-resident-owners-of-single-member-llcs\/","og_locale":"es_ES","og_type":"article","og_title":"U.S. Taxes for Non-Resident Owners of Single-Member LLCs - O&amp;G Tax and Accounting","og_description":"U.S. Taxes for Non-Resident Owners of Single-Member LLCs (Services, Consulting &#038; Freelancing) Who this is for: Non-U.S. individuals living abroad (e.g., Spain) who own\u2014or plan to form\u2014a U.S. single-member LLC (SMLLC) to bill clients (U.S. or foreign) for services such as IT, cloud ops, design, development, consulting, etc. Why this matters: Whether you have U.S. &hellip; Continue reading \"U.S. Taxes for Non-Resident Owners of Single-Member LLCs\"","og_url":"https:\/\/oandgaccounting.com\/staging\/es\/resources\/u-s-taxes-for-non-resident-owners-of-single-member-llcs\/","og_site_name":"O&amp;G Tax and Accounting","og_image":[{"width":624,"height":416,"url":"https:\/\/oandgaccounting.com\/staging\/wp-content\/uploads\/2025\/10\/llc1.jpg","type":"image\/jpeg"}],"twitter_card":"summary_large_image","twitter_misc":{"Tiempo de lectura":"5 minutos"},"schema":{"@context":"https:\/\/schema.org","@graph":[{"@type":"WebPage","@id":"https:\/\/oandgaccounting.com\/staging\/resources\/u-s-taxes-for-non-resident-owners-of-single-member-llcs\/","url":"https:\/\/oandgaccounting.com\/staging\/resources\/u-s-taxes-for-non-resident-owners-of-single-member-llcs\/","name":"U.S. Taxes for Non-Resident Owners of Single-Member LLCs - O&amp;G Tax and Accounting","isPartOf":{"@id":"https:\/\/oandgaccounting.com\/staging\/#website"},"datePublished":"2025-10-08T07:13:43+00:00","dateModified":"2025-10-08T07:13:43+00:00","breadcrumb":{"@id":"https:\/\/oandgaccounting.com\/staging\/resources\/u-s-taxes-for-non-resident-owners-of-single-member-llcs\/#breadcrumb"},"inLanguage":"es","potentialAction":[{"@type":"ReadAction","target":["https:\/\/oandgaccounting.com\/staging\/resources\/u-s-taxes-for-non-resident-owners-of-single-member-llcs\/"]}]},{"@type":"BreadcrumbList","@id":"https:\/\/oandgaccounting.com\/staging\/resources\/u-s-taxes-for-non-resident-owners-of-single-member-llcs\/#breadcrumb","itemListElement":[{"@type":"ListItem","position":1,"name":"Resources","item":"https:\/\/oandgaccounting.com\/staging\/resources\/"},{"@type":"ListItem","position":2,"name":"U.S. Taxes for Non-Resident Owners of Single-Member LLCs"}]},{"@type":"WebSite","@id":"https:\/\/oandgaccounting.com\/staging\/#website","url":"https:\/\/oandgaccounting.com\/staging\/","name":"O&amp;G Tax and Accounting","description":"","publisher":{"@id":"https:\/\/oandgaccounting.com\/staging\/#organization"},"potentialAction":[{"@type":"SearchAction","target":{"@type":"EntryPoint","urlTemplate":"https:\/\/oandgaccounting.com\/staging\/?s={search_term_string}"},"query-input":"required name=search_term_string"}],"inLanguage":"es"},{"@type":"Organization","@id":"https:\/\/oandgaccounting.com\/staging\/#organization","name":"O&amp;G Tax and Accounting","url":"https:\/\/oandgaccounting.com\/staging\/","logo":{"@type":"ImageObject","inLanguage":"es","@id":"https:\/\/oandgaccounting.com\/staging\/#\/schema\/logo\/image\/","url":"https:\/\/oandgaccounting.com\/staging\/wp-content\/uploads\/2019\/07\/logo.png","contentUrl":"https:\/\/oandgaccounting.com\/staging\/wp-content\/uploads\/2019\/07\/logo.png","width":123,"height":74,"caption":"O&amp;G Tax and Accounting"},"image":{"@id":"https:\/\/oandgaccounting.com\/staging\/#\/schema\/logo\/image\/"}}]}},"_links":{"self":[{"href":"https:\/\/oandgaccounting.com\/staging\/es\/wp-json\/wp\/v2\/pages\/6507"}],"collection":[{"href":"https:\/\/oandgaccounting.com\/staging\/es\/wp-json\/wp\/v2\/pages"}],"about":[{"href":"https:\/\/oandgaccounting.com\/staging\/es\/wp-json\/wp\/v2\/types\/page"}],"author":[{"embeddable":true,"href":"https:\/\/oandgaccounting.com\/staging\/es\/wp-json\/wp\/v2\/users\/1"}],"replies":[{"embeddable":true,"href":"https:\/\/oandgaccounting.com\/staging\/es\/wp-json\/wp\/v2\/comments?post=6507"}],"version-history":[{"count":1,"href":"https:\/\/oandgaccounting.com\/staging\/es\/wp-json\/wp\/v2\/pages\/6507\/revisions"}],"predecessor-version":[{"id":6509,"href":"https:\/\/oandgaccounting.com\/staging\/es\/wp-json\/wp\/v2\/pages\/6507\/revisions\/6509"}],"up":[{"embeddable":true,"href":"https:\/\/oandgaccounting.com\/staging\/es\/wp-json\/wp\/v2\/pages\/24"}],"wp:attachment":[{"href":"https:\/\/oandgaccounting.com\/staging\/es\/wp-json\/wp\/v2\/media?parent=6507"}],"curies":[{"name":"wp","href":"https:\/\/api.w.org\/{rel}","templated":true}]}}